{"id":85,"date":"2019-10-09T11:35:55","date_gmt":"2019-10-09T09:35:55","guid":{"rendered":"http:\/\/wordpress.sobz-entlebuch.ch\/?page_id=85"},"modified":"2021-08-03T12:22:13","modified_gmt":"2021-08-03T10:22:13","slug":"beratungsangebote","status":"publish","type":"page","link":"https:\/\/www.sobz-entlebuch.ch\/index.php\/beratungsangebote\/","title":{"rendered":"Beratungsangebote"},"content":{"rendered":"\t\t<div data-elementor-type=\"wp-page\" data-elementor-id=\"85\" class=\"elementor elementor-85\" data-elementor-post-type=\"page\">\n\t\t\t\t\t\t<section class=\"elementor-section elementor-top-section elementor-element elementor-element-8c79dcb elementor-section-stretched elementor-section-full_width elementor-section-height-default elementor-section-height-default\" data-id=\"8c79dcb\" data-element_type=\"section\" data-settings=\"{&quot;stretch_section&quot;:&quot;section-stretched&quot;}\">\n\t\t\t\t\t\t<div class=\"elementor-container elementor-column-gap-default\">\n\t\t\t\t\t<div class=\"elementor-column elementor-col-100 elementor-top-column elementor-element elementor-element-4517b16\" data-id=\"4517b16\" data-element_type=\"column\">\n\t\t\t<div class=\"elementor-widget-wrap elementor-element-populated\">\n\t\t\t\t\t\t<div class=\"elementor-element elementor-element-c5c93dc elementor--h-position-center elementor--v-position-middle elementor-arrows-position-inside elementor-pagination-position-inside elementor-widget elementor-widget-slides\" data-id=\"c5c93dc\" data-element_type=\"widget\" data-settings=\"{&quot;navigation&quot;:&quot;both&quot;,&quot;autoplay&quot;:&quot;yes&quot;,&quot;pause_on_hover&quot;:&quot;yes&quot;,&quot;pause_on_interaction&quot;:&quot;yes&quot;,&quot;autoplay_speed&quot;:5000,&quot;infinite&quot;:&quot;yes&quot;,&quot;transition&quot;:&quot;slide&quot;,&quot;transition_speed&quot;:500}\" data-widget_type=\"slides.default\">\n\t\t\t\t<div class=\"elementor-widget-container\">\n\t\t\t\t\t\t\t\t\t<div class=\"elementor-swiper\">\n\t\t\t\t\t<div class=\"elementor-slides-wrapper elementor-main-swiper swiper\" role=\"region\" aria-roledescription=\"carousel\" aria-label=\"Slider\" dir=\"ltr\" data-animation=\"fadeInUp\">\n\t\t\t\t<div class=\"swiper-wrapper elementor-slides\">\n\t\t\t\t\t\t\t\t\t\t<div class=\"elementor-repeater-item-fe88662 swiper-slide\" role=\"group\" aria-roledescription=\"slide\"><div class=\"swiper-slide-bg\" role=\"img\"><\/div><div class=\"swiper-slide-inner\" ><div class=\"swiper-slide-contents\"><\/div><\/div><\/div>\t\t\t\t<\/div>\n\t\t\t\t\t\t\t<\/div>\n\t\t\t\t<\/div>\n\t\t\t\t\t\t\t\t<\/div>\n\t\t\t\t<\/div>\n\t\t\t\t\t<\/div>\n\t\t<\/div>\n\t\t\t\t\t<\/div>\n\t\t<\/section>\n\t\t\t\t<section class=\"elementor-section elementor-top-section elementor-element elementor-element-2ae34c9 elementor-section-stretched elementor-section-boxed elementor-section-height-default elementor-section-height-default\" data-id=\"2ae34c9\" data-element_type=\"section\" data-settings=\"{&quot;stretch_section&quot;:&quot;section-stretched&quot;}\">\n\t\t\t\t\t\t<div class=\"elementor-container elementor-column-gap-default\">\n\t\t\t\t\t<div class=\"elementor-column elementor-col-100 elementor-top-column elementor-element elementor-element-13983e0\" data-id=\"13983e0\" data-element_type=\"column\">\n\t\t\t<div class=\"elementor-widget-wrap elementor-element-populated\">\n\t\t\t\t\t\t<div class=\"elementor-element elementor-element-71b1429 elementor-widget elementor-widget-heading\" data-id=\"71b1429\" data-element_type=\"widget\" data-widget_type=\"heading.default\">\n\t\t\t\t<div class=\"elementor-widget-container\">\n\t\t\t\t\t<h2 class=\"elementor-heading-title elementor-size-default\">BERATUNGSANGEBOTE<\/h2>\t\t\t\t<\/div>\n\t\t\t\t<\/div>\n\t\t\t\t<div class=\"elementor-element elementor-element-07cc55a elementor-widget elementor-widget-heading\" data-id=\"07cc55a\" data-element_type=\"widget\" data-widget_type=\"heading.default\">\n\t\t\t\t<div class=\"elementor-widget-container\">\n\t\t\t\t\t<h2 class=\"elementor-heading-title elementor-size-default\">Unsere Beratungsangebote \u2013 Wir begleiten Sie auf dem Weg zur L\u00f6sung<\/h2>\t\t\t\t<\/div>\n\t\t\t\t<\/div>\n\t\t\t\t<div class=\"elementor-element elementor-element-d41355d elementor-widget elementor-widget-spacer\" data-id=\"d41355d\" data-element_type=\"widget\" data-widget_type=\"spacer.default\">\n\t\t\t\t<div class=\"elementor-widget-container\">\n\t\t\t\t\t\t\t<div class=\"elementor-spacer\">\n\t\t\t<div class=\"elementor-spacer-inner\"><\/div>\n\t\t<\/div>\n\t\t\t\t\t\t<\/div>\n\t\t\t\t<\/div>\n\t\t\t\t\t<\/div>\n\t\t<\/div>\n\t\t\t\t\t<\/div>\n\t\t<\/section>\n\t\t\t\t<section class=\"elementor-section elementor-top-section elementor-element elementor-element-faf8b34 elementor-section-stretched elementor-section-boxed elementor-section-height-default elementor-section-height-default\" data-id=\"faf8b34\" data-element_type=\"section\" data-settings=\"{&quot;stretch_section&quot;:&quot;section-stretched&quot;}\">\n\t\t\t\t\t\t<div class=\"elementor-container elementor-column-gap-default\">\n\t\t\t\t\t<div class=\"elementor-column elementor-col-25 elementor-top-column elementor-element elementor-element-5f43d76\" data-id=\"5f43d76\" data-element_type=\"column\">\n\t\t\t<div class=\"elementor-widget-wrap\">\n\t\t\t\t\t\t\t<\/div>\n\t\t<\/div>\n\t\t\t\t<div class=\"elementor-column elementor-col-25 elementor-top-column elementor-element elementor-element-317ce2c\" data-id=\"317ce2c\" data-element_type=\"column\">\n\t\t\t<div class=\"elementor-widget-wrap elementor-element-populated\">\n\t\t\t\t\t\t<div class=\"elementor-element elementor-element-2b8f944 elementor-widget elementor-widget-heading\" data-id=\"2b8f944\" data-element_type=\"widget\" data-widget_type=\"heading.default\">\n\t\t\t\t<div class=\"elementor-widget-container\">\n\t\t\t\t\t<h2 class=\"elementor-heading-title elementor-size-default\">FACHGEBIETE<\/h2>\t\t\t\t<\/div>\n\t\t\t\t<\/div>\n\t\t\t\t<div class=\"elementor-element elementor-element-416daab elementor-widget elementor-widget-text-editor\" data-id=\"416daab\" data-element_type=\"widget\" data-widget_type=\"text-editor.default\">\n\t\t\t\t<div class=\"elementor-widget-container\">\n\t\t\t\t\t\t\t\t\t<ul><li>M\u00fctter- und V\u00e4terberatung<\/li><li>Jugendberatung<\/li><li>Einzel-, Paar- und Familienberatung<\/li><li>Budget- und Schuldenberatung<\/li><li>Einkommensverwaltung<\/li><li>Suchtberatung<\/li><li>Mandatsf\u00fchrung Kindes- und Erwachsenenschutz<\/li><\/ul>\t\t\t\t\t\t\t\t<\/div>\n\t\t\t\t<\/div>\n\t\t\t\t\t<\/div>\n\t\t<\/div>\n\t\t\t\t<div class=\"elementor-column elementor-col-25 elementor-top-column elementor-element elementor-element-1eb66cb\" data-id=\"1eb66cb\" data-element_type=\"column\">\n\t\t\t<div class=\"elementor-widget-wrap elementor-element-populated\">\n\t\t\t\t\t\t<div class=\"elementor-element elementor-element-ac5cdba elementor-widget elementor-widget-heading\" data-id=\"ac5cdba\" data-element_type=\"widget\" data-widget_type=\"heading.default\">\n\t\t\t\t<div class=\"elementor-widget-container\">\n\t\t\t\t\t<h2 class=\"elementor-heading-title elementor-size-default\">GRUNDS\u00c4TZE<\/h2>\t\t\t\t<\/div>\n\t\t\t\t<\/div>\n\t\t\t\t<div class=\"elementor-element elementor-element-aa2baa8 elementor-widget elementor-widget-text-editor\" data-id=\"aa2baa8\" data-element_type=\"widget\" data-widget_type=\"text-editor.default\">\n\t\t\t\t<div class=\"elementor-widget-container\">\n\t\t\t\t\t\t\t\t\t<ul><li>Ausschliesslich Beratung durch kompetente Fachpersonen<\/li><li>Diskretion: Was Sie mit uns besprechen, bleibt unter uns<\/li><li>Wahrung des Selbstbestimmungsrechtes und F\u00f6rderung der Eigeninitiative der Ratsuchenden<\/li><li>Zusammenarbeit mit anderen Fachpersonen, soweit Sie damit einverstanden sind<\/li><li>Unentgeltlichkeit der Beratung (ausgenommen Bereich Mandatsf\u00fchrung)<\/li><\/ul>\t\t\t\t\t\t\t\t<\/div>\n\t\t\t\t<\/div>\n\t\t\t\t\t<\/div>\n\t\t<\/div>\n\t\t\t\t<div class=\"elementor-column elementor-col-25 elementor-top-column elementor-element elementor-element-2161e85\" data-id=\"2161e85\" data-element_type=\"column\">\n\t\t\t<div class=\"elementor-widget-wrap\">\n\t\t\t\t\t\t\t<\/div>\n\t\t<\/div>\n\t\t\t\t\t<\/div>\n\t\t<\/section>\n\t\t\t\t<section class=\"elementor-section elementor-top-section elementor-element elementor-element-657876f elementor-section-stretched elementor-section-boxed elementor-section-height-default elementor-section-height-default\" data-id=\"657876f\" data-element_type=\"section\" data-settings=\"{&quot;stretch_section&quot;:&quot;section-stretched&quot;}\">\n\t\t\t\t\t\t<div class=\"elementor-container elementor-column-gap-default\">\n\t\t\t\t\t<div class=\"elementor-column elementor-col-33 elementor-top-column elementor-element elementor-element-d581b19\" data-id=\"d581b19\" data-element_type=\"column\">\n\t\t\t<div class=\"elementor-widget-wrap elementor-element-populated\">\n\t\t\t\t\t\t<div class=\"elementor-element elementor-element-a7e3cc2 elementor-view-default elementor-position-top elementor-mobile-position-top elementor-widget elementor-widget-icon-box\" data-id=\"a7e3cc2\" data-element_type=\"widget\" data-widget_type=\"icon-box.default\">\n\t\t\t\t<div class=\"elementor-widget-container\">\n\t\t\t\t\t\t\t<div class=\"elementor-icon-box-wrapper\">\n\n\t\t\t\t\t\t<div class=\"elementor-icon-box-icon\">\n\t\t\t\t<a href=\"https:\/\/www.google.ch\/maps\/place\/Hauptstrasse+13,+6170+Sch%C3%BCpfheim\/@46.9522403,8.0178086,17z\/data=!3m1!4b1!4m2!3m1!1s0x478fc21346b8da49:0x65a9cea2c6a20a1b?hl=de\" target=\"_blank\" class=\"elementor-icon\" tabindex=\"-1\" aria-label=\"Lageplan Sch\u00fcpfheim\">\n\t\t\t\t<i aria-hidden=\"true\" class=\"fas fa-map-marker-alt\"><\/i>\t\t\t\t<\/a>\n\t\t\t<\/div>\n\t\t\t\n\t\t\t\t\t\t<div class=\"elementor-icon-box-content\">\n\n\t\t\t\t\t\t\t\t\t<h3 class=\"elementor-icon-box-title\">\n\t\t\t\t\t\t<a href=\"https:\/\/www.google.ch\/maps\/place\/Hauptstrasse+13,+6170+Sch%C3%BCpfheim\/@46.9522403,8.0178086,17z\/data=!3m1!4b1!4m2!3m1!1s0x478fc21346b8da49:0x65a9cea2c6a20a1b?hl=de\" target=\"_blank\" >\n\t\t\t\t\t\t\tLageplan Sch\u00fcpfheim\t\t\t\t\t\t<\/a>\n\t\t\t\t\t<\/h3>\n\t\t\t\t\n\t\t\t\t\n\t\t\t<\/div>\n\t\t\t\n\t\t<\/div>\n\t\t\t\t\t\t<\/div>\n\t\t\t\t<\/div>\n\t\t\t\t\t<\/div>\n\t\t<\/div>\n\t\t\t\t<div class=\"elementor-column elementor-col-33 elementor-top-column elementor-element elementor-element-674b102\" data-id=\"674b102\" data-element_type=\"column\">\n\t\t\t<div class=\"elementor-widget-wrap\">\n\t\t\t\t\t\t\t<\/div>\n\t\t<\/div>\n\t\t\t\t<div class=\"elementor-column elementor-col-33 elementor-top-column elementor-element elementor-element-56c0285\" data-id=\"56c0285\" data-element_type=\"column\">\n\t\t\t<div class=\"elementor-widget-wrap elementor-element-populated\">\n\t\t\t\t\t\t<div class=\"elementor-element elementor-element-1a434bb elementor-view-default elementor-position-top elementor-mobile-position-top elementor-widget elementor-widget-icon-box\" data-id=\"1a434bb\" data-element_type=\"widget\" data-widget_type=\"icon-box.default\">\n\t\t\t\t<div class=\"elementor-widget-container\">\n\t\t\t\t\t\t\t<div class=\"elementor-icon-box-wrapper\">\n\n\t\t\t\t\t\t<div class=\"elementor-icon-box-icon\">\n\t\t\t\t<a href=\"https:\/\/www.google.ch\/maps\/place\/Menznauerstrasse+13,+6110+Wolhusen\/@47.0598933,8.0729131,17z\/data=!3m1!4b1!4m2!3m1!1s0x478fe76444ca4e27:0x11fd237a2e51bbb6?hl=de\" target=\"_blank\" class=\"elementor-icon\" tabindex=\"-1\" aria-label=\"Lageplan Wolhusen\">\n\t\t\t\t<i aria-hidden=\"true\" class=\"fas fa-map-marker-alt\"><\/i>\t\t\t\t<\/a>\n\t\t\t<\/div>\n\t\t\t\n\t\t\t\t\t\t<div class=\"elementor-icon-box-content\">\n\n\t\t\t\t\t\t\t\t\t<h3 class=\"elementor-icon-box-title\">\n\t\t\t\t\t\t<a href=\"https:\/\/www.google.ch\/maps\/place\/Menznauerstrasse+13,+6110+Wolhusen\/@47.0598933,8.0729131,17z\/data=!3m1!4b1!4m2!3m1!1s0x478fe76444ca4e27:0x11fd237a2e51bbb6?hl=de\" target=\"_blank\" >\n\t\t\t\t\t\t\tLageplan Wolhusen\t\t\t\t\t\t<\/a>\n\t\t\t\t\t<\/h3>\n\t\t\t\t\n\t\t\t\t\n\t\t\t<\/div>\n\t\t\t\n\t\t<\/div>\n\t\t\t\t\t\t<\/div>\n\t\t\t\t<\/div>\n\t\t\t\t\t<\/div>\n\t\t<\/div>\n\t\t\t\t\t<\/div>\n\t\t<\/section>\n\t\t\t\t<\/div>\n\t\t","protected":false},"excerpt":{"rendered":"<p>BERATUNGSANGEBOTE Unsere Beratungsangebote \u2013 Wir begleiten Sie auf dem Weg zur L\u00f6sung FACHGEBIETE M\u00fctter- und V\u00e4terberatung Jugendberatung Einzel-, Paar- und Familienberatung Budget- und Schuldenberatung Einkommensverwaltung Suchtberatung Mandatsf\u00fchrung Kindes- und Erwachsenenschutz GRUNDS\u00c4TZE Ausschliesslich Beratung durch kompetente Fachpersonen Diskretion: Was Sie mit uns besprechen, bleibt unter uns Wahrung des Selbstbestimmungsrechtes und F\u00f6rderung der Eigeninitiative der Ratsuchenden Zusammenarbeit &hellip; <a href=\"https:\/\/www.sobz-entlebuch.ch\/index.php\/beratungsangebote\/\" class=\"more-link\"><span class=\"screen-reader-text\">\u201eBeratungsangebote\u201c<\/span> weiterlesen<\/a><\/p>\n","protected":false},"author":1,"featured_media":0,"parent":0,"menu_order":0,"comment_status":"closed","ping_status":"closed","template":"","meta":{"_exactmetrics_skip_tracking":false,"_exactmetrics_sitenote_active":false,"_exactmetrics_sitenote_note":"","_exactmetrics_sitenote_category":0,"footnotes":""},"class_list":["post-85","page","type-page","status-publish","hentry"],"yoast_head":"<!-- This site is optimized with the Yoast SEO plugin v25.3.1 - https:\/\/yoast.com\/wordpress\/plugins\/seo\/ -->\n<title>Beratungsstelle f\u00fcr Familienfragen, Erziehungsfragen, Beziehungsfragen<\/title>\n<meta name=\"description\" content=\"Wir bieten M\u00fctter- V\u00e4terberatung, Jugend- und Familienberatung, Einzel- und Paarberatunng f\u00fcr die Region Entlebuch, Wolhusen und Ruswil an.\" \/>\n<meta name=\"robots\" content=\"index, follow, max-snippet:-1, max-image-preview:large, max-video-preview:-1\" \/>\n<link rel=\"canonical\" href=\"https:\/\/www.sobz-entlebuch.ch\/index.php\/beratungsangebote\/\" \/>\n<meta property=\"og:locale\" content=\"de_DE\" \/>\n<meta property=\"og:type\" content=\"article\" \/>\n<meta property=\"og:title\" content=\"Beratungsstelle f\u00fcr Familienfragen, Erziehungsfragen, Beziehungsfragen\" \/>\n<meta property=\"og:description\" content=\"Wir bieten M\u00fctter- V\u00e4terberatung, Jugend- und Familienberatung, Einzel- und Paarberatunng f\u00fcr die Region Entlebuch, Wolhusen und Ruswil an.\" \/>\n<meta property=\"og:url\" content=\"https:\/\/www.sobz-entlebuch.ch\/index.php\/beratungsangebote\/\" \/>\n<meta property=\"og:site_name\" content=\"Sozial-BeratungsZentrum SoBZ\" \/>\n<meta property=\"article:modified_time\" content=\"2021-08-03T10:22:13+00:00\" \/>\n<meta name=\"twitter:card\" content=\"summary_large_image\" \/>\n<meta name=\"twitter:label1\" content=\"Gesch\u00e4tzte Lesezeit\" \/>\n\t<meta name=\"twitter:data1\" content=\"1\u00a0Minute\" \/>\n<script type=\"application\/ld+json\" class=\"yoast-schema-graph\">{\"@context\":\"https:\/\/schema.org\",\"@graph\":[{\"@type\":\"WebPage\",\"@id\":\"https:\/\/www.sobz-entlebuch.ch\/index.php\/beratungsangebote\/\",\"url\":\"https:\/\/www.sobz-entlebuch.ch\/index.php\/beratungsangebote\/\",\"name\":\"Beratungsstelle f\u00fcr Familienfragen, Erziehungsfragen, Beziehungsfragen\",\"isPartOf\":{\"@id\":\"https:\/\/www.sobz-entlebuch.ch\/#website\"},\"datePublished\":\"2019-10-09T09:35:55+00:00\",\"dateModified\":\"2021-08-03T10:22:13+00:00\",\"description\":\"Wir bieten M\u00fctter- V\u00e4terberatung, Jugend- und Familienberatung, Einzel- und Paarberatunng f\u00fcr die Region Entlebuch, Wolhusen und Ruswil an.\",\"breadcrumb\":{\"@id\":\"https:\/\/www.sobz-entlebuch.ch\/index.php\/beratungsangebote\/#breadcrumb\"},\"inLanguage\":\"de\",\"potentialAction\":[{\"@type\":\"ReadAction\",\"target\":[\"https:\/\/www.sobz-entlebuch.ch\/index.php\/beratungsangebote\/\"]}]},{\"@type\":\"BreadcrumbList\",\"@id\":\"https:\/\/www.sobz-entlebuch.ch\/index.php\/beratungsangebote\/#breadcrumb\",\"itemListElement\":[{\"@type\":\"ListItem\",\"position\":1,\"name\":\"Startseite\",\"item\":\"https:\/\/www.sobz-entlebuch.ch\/\"},{\"@type\":\"ListItem\",\"position\":2,\"name\":\"Beratungsangebote\"}]},{\"@type\":\"WebSite\",\"@id\":\"https:\/\/www.sobz-entlebuch.ch\/#website\",\"url\":\"https:\/\/www.sobz-entlebuch.ch\/\",\"name\":\"Sozial-BeratungsZentrum SoBZ\",\"description\":\"Beratungsstellen f\u00fcr die Region Entlebuch, Wolhusen und Ruswil\",\"publisher\":{\"@id\":\"https:\/\/www.sobz-entlebuch.ch\/#organization\"},\"potentialAction\":[{\"@type\":\"SearchAction\",\"target\":{\"@type\":\"EntryPoint\",\"urlTemplate\":\"https:\/\/www.sobz-entlebuch.ch\/?s={search_term_string}\"},\"query-input\":{\"@type\":\"PropertyValueSpecification\",\"valueRequired\":true,\"valueName\":\"search_term_string\"}}],\"inLanguage\":\"de\"},{\"@type\":\"Organization\",\"@id\":\"https:\/\/www.sobz-entlebuch.ch\/#organization\",\"name\":\"SoBZ Sch\u00fcpfheim\",\"url\":\"https:\/\/www.sobz-entlebuch.ch\/\",\"logo\":{\"@type\":\"ImageObject\",\"inLanguage\":\"de\",\"@id\":\"https:\/\/www.sobz-entlebuch.ch\/#\/schema\/logo\/image\/\",\"url\":\"https:\/\/www.sobz-entlebuch.ch\/wp-content\/uploads\/2019\/12\/SoBZ_Favicon.jpg\",\"contentUrl\":\"https:\/\/www.sobz-entlebuch.ch\/wp-content\/uploads\/2019\/12\/SoBZ_Favicon.jpg\",\"width\":1000,\"height\":1000,\"caption\":\"SoBZ Sch\u00fcpfheim\"},\"image\":{\"@id\":\"https:\/\/www.sobz-entlebuch.ch\/#\/schema\/logo\/image\/\"}}]}<\/script>\n<!-- \/ Yoast SEO plugin. -->","yoast_head_json":{"title":"Beratungsstelle f\u00fcr Familienfragen, Erziehungsfragen, Beziehungsfragen","description":"Wir bieten M\u00fctter- V\u00e4terberatung, Jugend- und Familienberatung, Einzel- und Paarberatunng f\u00fcr die Region Entlebuch, Wolhusen und Ruswil an.","robots":{"index":"index","follow":"follow","max-snippet":"max-snippet:-1","max-image-preview":"max-image-preview:large","max-video-preview":"max-video-preview:-1"},"canonical":"https:\/\/www.sobz-entlebuch.ch\/index.php\/beratungsangebote\/","og_locale":"de_DE","og_type":"article","og_title":"Beratungsstelle f\u00fcr Familienfragen, Erziehungsfragen, Beziehungsfragen","og_description":"Wir bieten M\u00fctter- V\u00e4terberatung, Jugend- und Familienberatung, Einzel- und Paarberatunng f\u00fcr die Region Entlebuch, Wolhusen und Ruswil an.","og_url":"https:\/\/www.sobz-entlebuch.ch\/index.php\/beratungsangebote\/","og_site_name":"Sozial-BeratungsZentrum SoBZ","article_modified_time":"2021-08-03T10:22:13+00:00","twitter_card":"summary_large_image","twitter_misc":{"Gesch\u00e4tzte Lesezeit":"1\u00a0Minute"},"schema":{"@context":"https:\/\/schema.org","@graph":[{"@type":"WebPage","@id":"https:\/\/www.sobz-entlebuch.ch\/index.php\/beratungsangebote\/","url":"https:\/\/www.sobz-entlebuch.ch\/index.php\/beratungsangebote\/","name":"Beratungsstelle f\u00fcr Familienfragen, Erziehungsfragen, Beziehungsfragen","isPartOf":{"@id":"https:\/\/www.sobz-entlebuch.ch\/#website"},"datePublished":"2019-10-09T09:35:55+00:00","dateModified":"2021-08-03T10:22:13+00:00","description":"Wir bieten M\u00fctter- V\u00e4terberatung, Jugend- und Familienberatung, Einzel- und Paarberatunng f\u00fcr die Region Entlebuch, Wolhusen und Ruswil an.","breadcrumb":{"@id":"https:\/\/www.sobz-entlebuch.ch\/index.php\/beratungsangebote\/#breadcrumb"},"inLanguage":"de","potentialAction":[{"@type":"ReadAction","target":["https:\/\/www.sobz-entlebuch.ch\/index.php\/beratungsangebote\/"]}]},{"@type":"BreadcrumbList","@id":"https:\/\/www.sobz-entlebuch.ch\/index.php\/beratungsangebote\/#breadcrumb","itemListElement":[{"@type":"ListItem","position":1,"name":"Startseite","item":"https:\/\/www.sobz-entlebuch.ch\/"},{"@type":"ListItem","position":2,"name":"Beratungsangebote"}]},{"@type":"WebSite","@id":"https:\/\/www.sobz-entlebuch.ch\/#website","url":"https:\/\/www.sobz-entlebuch.ch\/","name":"Sozial-BeratungsZentrum SoBZ","description":"Beratungsstellen f\u00fcr die Region Entlebuch, Wolhusen und Ruswil","publisher":{"@id":"https:\/\/www.sobz-entlebuch.ch\/#organization"},"potentialAction":[{"@type":"SearchAction","target":{"@type":"EntryPoint","urlTemplate":"https:\/\/www.sobz-entlebuch.ch\/?s={search_term_string}"},"query-input":{"@type":"PropertyValueSpecification","valueRequired":true,"valueName":"search_term_string"}}],"inLanguage":"de"},{"@type":"Organization","@id":"https:\/\/www.sobz-entlebuch.ch\/#organization","name":"SoBZ Sch\u00fcpfheim","url":"https:\/\/www.sobz-entlebuch.ch\/","logo":{"@type":"ImageObject","inLanguage":"de","@id":"https:\/\/www.sobz-entlebuch.ch\/#\/schema\/logo\/image\/","url":"https:\/\/www.sobz-entlebuch.ch\/wp-content\/uploads\/2019\/12\/SoBZ_Favicon.jpg","contentUrl":"https:\/\/www.sobz-entlebuch.ch\/wp-content\/uploads\/2019\/12\/SoBZ_Favicon.jpg","width":1000,"height":1000,"caption":"SoBZ Sch\u00fcpfheim"},"image":{"@id":"https:\/\/www.sobz-entlebuch.ch\/#\/schema\/logo\/image\/"}}]}},"_links":{"self":[{"href":"https:\/\/www.sobz-entlebuch.ch\/index.php\/wp-json\/wp\/v2\/pages\/85","targetHints":{"allow":["GET"]}}],"collection":[{"href":"https:\/\/www.sobz-entlebuch.ch\/index.php\/wp-json\/wp\/v2\/pages"}],"about":[{"href":"https:\/\/www.sobz-entlebuch.ch\/index.php\/wp-json\/wp\/v2\/types\/page"}],"author":[{"embeddable":true,"href":"https:\/\/www.sobz-entlebuch.ch\/index.php\/wp-json\/wp\/v2\/users\/1"}],"replies":[{"embeddable":true,"href":"https:\/\/www.sobz-entlebuch.ch\/index.php\/wp-json\/wp\/v2\/comments?post=85"}],"version-history":[{"count":98,"href":"https:\/\/www.sobz-entlebuch.ch\/index.php\/wp-json\/wp\/v2\/pages\/85\/revisions"}],"predecessor-version":[{"id":2051,"href":"https:\/\/www.sobz-entlebuch.ch\/index.php\/wp-json\/wp\/v2\/pages\/85\/revisions\/2051"}],"wp:attachment":[{"href":"https:\/\/www.sobz-entlebuch.ch\/index.php\/wp-json\/wp\/v2\/media?parent=85"}],"curies":[{"name":"wp","href":"https:\/\/api.w.org\/{rel}","templated":true}]}}