{"id":45,"date":"2019-10-09T11:19:44","date_gmt":"2019-10-09T09:19:44","guid":{"rendered":"http:\/\/wordpress.sobz-entlebuch.ch\/?page_id=45"},"modified":"2025-12-04T14:05:16","modified_gmt":"2025-12-04T13:05:16","slug":"unser-team","status":"publish","type":"page","link":"https:\/\/www.sobz-entlebuch.ch\/index.php\/unser-team\/","title":{"rendered":"Unser Team"},"content":{"rendered":"\t\t<div data-elementor-type=\"wp-page\" data-elementor-id=\"45\" class=\"elementor elementor-45\" data-elementor-post-type=\"page\">\n\t\t\t\t\t\t<section class=\"elementor-section elementor-top-section elementor-element elementor-element-b2f9f7e elementor-section-stretched elementor-section-full_width elementor-section-height-default elementor-section-height-default\" data-id=\"b2f9f7e\" data-element_type=\"section\" data-settings=\"{&quot;stretch_section&quot;:&quot;section-stretched&quot;}\">\n\t\t\t\t\t\t<div class=\"elementor-container elementor-column-gap-default\">\n\t\t\t\t\t<div class=\"elementor-column elementor-col-100 elementor-top-column elementor-element elementor-element-8146885\" data-id=\"8146885\" data-element_type=\"column\">\n\t\t\t<div class=\"elementor-widget-wrap elementor-element-populated\">\n\t\t\t\t\t\t<div class=\"elementor-element elementor-element-1f55e20 elementor--h-position-center elementor--v-position-middle elementor-arrows-position-inside elementor-pagination-position-inside elementor-widget elementor-widget-slides\" data-id=\"1f55e20\" data-element_type=\"widget\" data-settings=\"{&quot;navigation&quot;:&quot;both&quot;,&quot;autoplay&quot;:&quot;yes&quot;,&quot;pause_on_hover&quot;:&quot;yes&quot;,&quot;pause_on_interaction&quot;:&quot;yes&quot;,&quot;autoplay_speed&quot;:5000,&quot;infinite&quot;:&quot;yes&quot;,&quot;transition&quot;:&quot;slide&quot;,&quot;transition_speed&quot;:500}\" data-widget_type=\"slides.default\">\n\t\t\t\t<div class=\"elementor-widget-container\">\n\t\t\t\t\t\t\t\t\t<div class=\"elementor-swiper\">\n\t\t\t\t\t<div class=\"elementor-slides-wrapper elementor-main-swiper swiper\" role=\"region\" aria-roledescription=\"carousel\" aria-label=\"Slider\" dir=\"ltr\" data-animation=\"fadeInUp\">\n\t\t\t\t<div class=\"swiper-wrapper elementor-slides\">\n\t\t\t\t\t\t\t\t\t\t<div class=\"elementor-repeater-item-edd302a swiper-slide\" role=\"group\" aria-roledescription=\"slide\"><div class=\"swiper-slide-bg\" role=\"img\"><\/div><div class=\"swiper-slide-inner\" ><div class=\"swiper-slide-contents\"><\/div><\/div><\/div>\t\t\t\t<\/div>\n\t\t\t\t\t\t\t<\/div>\n\t\t\t\t<\/div>\n\t\t\t\t\t\t\t\t<\/div>\n\t\t\t\t<\/div>\n\t\t\t\t\t<\/div>\n\t\t<\/div>\n\t\t\t\t\t<\/div>\n\t\t<\/section>\n\t\t\t\t<section class=\"elementor-section elementor-top-section elementor-element elementor-element-d74e704 elementor-section-boxed elementor-section-height-default elementor-section-height-default\" data-id=\"d74e704\" data-element_type=\"section\">\n\t\t\t\t\t\t<div class=\"elementor-container elementor-column-gap-default\">\n\t\t\t\t\t<div class=\"elementor-column elementor-col-100 elementor-top-column elementor-element elementor-element-a941764\" data-id=\"a941764\" data-element_type=\"column\">\n\t\t\t<div class=\"elementor-widget-wrap elementor-element-populated\">\n\t\t\t\t\t\t<div class=\"elementor-element elementor-element-385799e elementor-widget elementor-widget-heading\" data-id=\"385799e\" data-element_type=\"widget\" data-widget_type=\"heading.default\">\n\t\t\t\t<div class=\"elementor-widget-container\">\n\t\t\t\t\t<h2 class=\"elementor-heading-title elementor-size-default\">UNSER TEAM<\/h2>\t\t\t\t<\/div>\n\t\t\t\t<\/div>\n\t\t\t\t<div class=\"elementor-element elementor-element-f33e55c elementor-widget elementor-widget-spacer\" data-id=\"f33e55c\" data-element_type=\"widget\" data-widget_type=\"spacer.default\">\n\t\t\t\t<div class=\"elementor-widget-container\">\n\t\t\t\t\t\t\t<div class=\"elementor-spacer\">\n\t\t\t<div class=\"elementor-spacer-inner\"><\/div>\n\t\t<\/div>\n\t\t\t\t\t\t<\/div>\n\t\t\t\t<\/div>\n\t\t\t\t\t<\/div>\n\t\t<\/div>\n\t\t\t\t\t<\/div>\n\t\t<\/section>\n\t\t\t\t<section class=\"elementor-section elementor-top-section elementor-element elementor-element-d7c4943 elementor-section-boxed elementor-section-height-default elementor-section-height-default\" data-id=\"d7c4943\" data-element_type=\"section\">\n\t\t\t\t\t\t<div class=\"elementor-container elementor-column-gap-default\">\n\t\t\t\t\t<div class=\"elementor-column elementor-col-100 elementor-top-column elementor-element elementor-element-46bbbae\" data-id=\"46bbbae\" data-element_type=\"column\">\n\t\t\t<div class=\"elementor-widget-wrap elementor-element-populated\">\n\t\t\t\t\t\t<div class=\"elementor-element elementor-element-0eb3f4b elementor-widget elementor-widget-toggle\" data-id=\"0eb3f4b\" data-element_type=\"widget\" data-widget_type=\"toggle.default\">\n\t\t\t\t<div class=\"elementor-widget-container\">\n\t\t\t\t\t\t\t<div class=\"elementor-toggle\">\n\t\t\t\t\t\t\t<div class=\"elementor-toggle-item\">\n\t\t\t\t\t<div id=\"elementor-tab-title-1541\" class=\"elementor-tab-title\" data-tab=\"1\" role=\"button\" aria-controls=\"elementor-tab-content-1541\" aria-expanded=\"false\">\n\t\t\t\t\t\t\t\t\t\t\t\t<span class=\"elementor-toggle-icon elementor-toggle-icon-left\" aria-hidden=\"true\">\n\t\t\t\t\t\t\t\t\t\t\t\t\t\t\t<span class=\"elementor-toggle-icon-closed\"><i class=\"fas fa-caret-right\"><\/i><\/span>\n\t\t\t\t\t\t\t\t<span class=\"elementor-toggle-icon-opened\"><i class=\"elementor-toggle-icon-opened fas fa-caret-up\"><\/i><\/span>\n\t\t\t\t\t\t\t\t\t\t\t\t\t<\/span>\n\t\t\t\t\t\t\t\t\t\t\t\t<a class=\"elementor-toggle-title\" tabindex=\"0\">LEITUNG\u200b<\/a>\n\t\t\t\t\t<\/div>\n\n\t\t\t\t\t<div id=\"elementor-tab-content-1541\" class=\"elementor-tab-content elementor-clearfix\" data-tab=\"1\" role=\"region\" aria-labelledby=\"elementor-tab-title-1541\"><p>Marcus Nauer, Sozialarbeiter\u00a0<br \/>Telefon 041 485 72 05<br \/><a href=\"mailto:marcus.nauer@sobz-entlebuch.ch\">E-Mail<\/a><\/p><\/div>\n\t\t\t\t<\/div>\n\t\t\t\t\t\t\t<div class=\"elementor-toggle-item\">\n\t\t\t\t\t<div id=\"elementor-tab-title-1542\" class=\"elementor-tab-title\" data-tab=\"2\" role=\"button\" aria-controls=\"elementor-tab-content-1542\" aria-expanded=\"false\">\n\t\t\t\t\t\t\t\t\t\t\t\t<span class=\"elementor-toggle-icon elementor-toggle-icon-left\" aria-hidden=\"true\">\n\t\t\t\t\t\t\t\t\t\t\t\t\t\t\t<span class=\"elementor-toggle-icon-closed\"><i class=\"fas fa-caret-right\"><\/i><\/span>\n\t\t\t\t\t\t\t\t<span class=\"elementor-toggle-icon-opened\"><i class=\"elementor-toggle-icon-opened fas fa-caret-up\"><\/i><\/span>\n\t\t\t\t\t\t\t\t\t\t\t\t\t<\/span>\n\t\t\t\t\t\t\t\t\t\t\t\t<a class=\"elementor-toggle-title\" tabindex=\"0\">M\u00dcTTER- UND V\u00c4TERBERATUNG\u200b<\/a>\n\t\t\t\t\t<\/div>\n\n\t\t\t\t\t<div id=\"elementor-tab-content-1542\" class=\"elementor-tab-content elementor-clearfix\" data-tab=\"2\" role=\"region\" aria-labelledby=\"elementor-tab-title-1542\"><p>Petra Troxler, Fachbereichsleiterin, Beraterin Fr\u00fche Kindheit<br \/>Telefon 079 485 30 44<br \/><a style=\"background-color: #ffffff; font-family: Arial, sans-serif; font-weight: 300;\" href=\"mailto:petra.troxler@sobz-entlebuch.ch\">E-Mail<\/a><\/p><p>Sylvia Baumann, Beraterin Fr\u00fche Kindheit<br \/>Telefon 079 500 33 51<br \/><a href=\"mailto:sylvia.baumann@sobz-entlebuch.ch\">E-Mail<\/a><\/p><p><span style=\"color: var( --e-global-color-text ); font-family: var( --e-global-typography-text-font-family ), Sans-serif; font-size: 1rem;\">Andrea Haas, Beraterin Fr\u00fche Kindheit<br \/><\/span><span style=\"font-family: var( --e-global-typography-text-font-family ), Sans-serif; font-size: 1rem;\">Telefon 079 500 33 50<br \/><\/span><a style=\"font-family: var( --e-global-typography-text-font-family ), Sans-serif; font-weight: 300; background-color: #ffffff; font-size: 1rem;\" href=\"mailto:andrea.haas@sobz-entlebuch.ch\" target=\"_blank\" rel=\"noopener\">E-Mail<\/a><\/p><\/div>\n\t\t\t\t<\/div>\n\t\t\t\t\t\t\t<div class=\"elementor-toggle-item\">\n\t\t\t\t\t<div id=\"elementor-tab-title-1543\" class=\"elementor-tab-title\" data-tab=\"3\" role=\"button\" aria-controls=\"elementor-tab-content-1543\" aria-expanded=\"false\">\n\t\t\t\t\t\t\t\t\t\t\t\t<span class=\"elementor-toggle-icon elementor-toggle-icon-left\" aria-hidden=\"true\">\n\t\t\t\t\t\t\t\t\t\t\t\t\t\t\t<span class=\"elementor-toggle-icon-closed\"><i class=\"fas fa-caret-right\"><\/i><\/span>\n\t\t\t\t\t\t\t\t<span class=\"elementor-toggle-icon-opened\"><i class=\"elementor-toggle-icon-opened fas fa-caret-up\"><\/i><\/span>\n\t\t\t\t\t\t\t\t\t\t\t\t\t<\/span>\n\t\t\t\t\t\t\t\t\t\t\t\t<a class=\"elementor-toggle-title\" tabindex=\"0\">SOZIAL- UND SUCHTBERATUNG\u200b<\/a>\n\t\t\t\t\t<\/div>\n\n\t\t\t\t\t<div id=\"elementor-tab-content-1543\" class=\"elementor-tab-content elementor-clearfix\" data-tab=\"3\" role=\"region\" aria-labelledby=\"elementor-tab-title-1543\"><p>Jasmin Tremp, Fachbereichsleiterin, Sozialarbeiterin<br \/>Telefon 041 485 72 24<br \/><a href=\"mailto:jasmin.tremp@sobz-entlebuch.ch\">E-Mail<\/a><\/p><p>Marieke Lindblom, Sozialarbeiterin<br \/>Telefon\u00a0041 485 72 21<br \/><a href=\"mailto:marieke.lindblom@sobz-entlebuch.ch\" target=\"_blank\" rel=\"noopener\">E-Mail<\/a><\/p><p>Tanja Zulauf, Sozialarbeiterin<br \/>Telefon 041 485 72 22<br \/><a href=\"mailto: tanja.zulauf@sobz-entlebuch.ch\" target=\"_blank\" rel=\"noopener\">E-mail<\/a><\/p><p>Lina Wolfisberg, Sozialarbeiterin i.A.<br \/>Telefon 041 485 72 23<br \/><a href=\"mailto: lina.wolfisberg@sobz-entlebuch.ch\" target=\"_blank\" rel=\"noopener\">E-mail<\/a><\/p><\/div>\n\t\t\t\t<\/div>\n\t\t\t\t\t\t\t<div class=\"elementor-toggle-item\">\n\t\t\t\t\t<div id=\"elementor-tab-title-1544\" class=\"elementor-tab-title\" data-tab=\"4\" role=\"button\" aria-controls=\"elementor-tab-content-1544\" aria-expanded=\"false\">\n\t\t\t\t\t\t\t\t\t\t\t\t<span class=\"elementor-toggle-icon elementor-toggle-icon-left\" aria-hidden=\"true\">\n\t\t\t\t\t\t\t\t\t\t\t\t\t\t\t<span class=\"elementor-toggle-icon-closed\"><i class=\"fas fa-caret-right\"><\/i><\/span>\n\t\t\t\t\t\t\t\t<span class=\"elementor-toggle-icon-opened\"><i class=\"elementor-toggle-icon-opened fas fa-caret-up\"><\/i><\/span>\n\t\t\t\t\t\t\t\t\t\t\t\t\t<\/span>\n\t\t\t\t\t\t\t\t\t\t\t\t<a class=\"elementor-toggle-title\" tabindex=\"0\">MANDATSF\u00dcHRUNG KINDES- UND ERWACHSENENSCHUTZ\u200b<\/a>\n\t\t\t\t\t<\/div>\n\n\t\t\t\t\t<div id=\"elementor-tab-content-1544\" class=\"elementor-tab-content elementor-clearfix\" data-tab=\"4\" role=\"region\" aria-labelledby=\"elementor-tab-title-1544\"><p>Nathalie Vogel, Co-Fachbereichsleiterin, Berufsbeist\u00e4ndin<br \/>Telefon 041 485 72 51<br \/><a href=\"mailto:nathalie.vogel@sobz-entlebuch.ch\" target=\"_blank\" rel=\"noopener\">E-Mail<\/a><\/p><p>Petra L\u00f6tscher, Co-Fachbereichsleiterin, Berufsbeist\u00e4ndin<br \/>Telefon 041 485 72 55<br \/><a href=\"mailto:petra.loetscher@sobz-entlebuch.ch\" target=\"_blank\" rel=\"noopener\">E-Mail<\/a><\/p><p>Sandra B\u00e4rtschi Kunz, Berufsbeist\u00e4ndin<br \/>Telefon 041 485 72 59<br \/><a href=\"mailto: sandra.baertschi@sobz-entlebuch.ch\" target=\"_blank\" rel=\"noopener\">E-Mail<\/a><\/p><p>Thomas Isaak, Berufsbeistand<br \/>Telefon 041 485 72 57<br \/><a href=\"mailto:thomas.isaak@sobz-entlebuch.ch\" target=\"_blank\" rel=\"noopener\">E-Mail<\/a><\/p><p>Laura Murpf, Berufsbeist\u00e4ndin<br \/>Telefon 041 485 72 56<br \/><a href=\"mailto:laura.murpf@sobz-entlebuch.ch\" target=\"_blank\" rel=\"noopener\">E-Mail<\/a><\/p><p>Iris Sigrist, Berufsbeist\u00e4ndin<br \/>Telefon 041 485 72 54<br \/><a href=\"mailto:iris.sigrist@sobz-entlebuch.ch\">E-Mail<\/a><\/p><p><span style=\"color: var( --e-global-color-text ); font-family: var( --e-global-typography-text-font-family ), Sans-serif; font-size: 1rem;\">Anika Zuurendonk, Berufsbeist\u00e4ndin<br \/><\/span><span style=\"color: var( --e-global-color-text ); font-family: var( --e-global-typography-text-font-family ), Sans-serif; font-size: 1rem;\">Telefon 041 485 72 12\u00a0<br \/><\/span><a style=\"font-family: var( --e-global-typography-text-font-family ), Sans-serif; background-color: #ffffff; font-size: 1rem;\" href=\"mailto: anika.zuurendonk@sobz-entlebuch.ch\" target=\"_blank\" rel=\"noopener\">E-Mail<\/a><\/p><p>Rahel Tiri, Berufsbeist\u00e4ndin<br \/>Telefon 041 485 72 52<br \/><a href=\"mailto:rahel.tiri@sobz-entlebuch.ch\">E-Mail<\/a><\/p><p>Eveline Koch<br \/>Sozialarbeiterin i.A.<br \/>Telefon 041 485 72 60<br \/><a href=\"mailto:eveline.koch@sobz-entlebuch.ch\">E-Mail<\/a><\/p><\/div>\n\t\t\t\t<\/div>\n\t\t\t\t\t\t\t<div class=\"elementor-toggle-item\">\n\t\t\t\t\t<div id=\"elementor-tab-title-1545\" class=\"elementor-tab-title\" data-tab=\"5\" role=\"button\" aria-controls=\"elementor-tab-content-1545\" aria-expanded=\"false\">\n\t\t\t\t\t\t\t\t\t\t\t\t<span class=\"elementor-toggle-icon elementor-toggle-icon-left\" aria-hidden=\"true\">\n\t\t\t\t\t\t\t\t\t\t\t\t\t\t\t<span class=\"elementor-toggle-icon-closed\"><i class=\"fas fa-caret-right\"><\/i><\/span>\n\t\t\t\t\t\t\t\t<span class=\"elementor-toggle-icon-opened\"><i class=\"elementor-toggle-icon-opened fas fa-caret-up\"><\/i><\/span>\n\t\t\t\t\t\t\t\t\t\t\t\t\t<\/span>\n\t\t\t\t\t\t\t\t\t\t\t\t<a class=\"elementor-toggle-title\" tabindex=\"0\">MANDATSF\u00dcHRUNG ADMINISTRATION\u200b<\/a>\n\t\t\t\t\t<\/div>\n\n\t\t\t\t\t<div id=\"elementor-tab-content-1545\" class=\"elementor-tab-content elementor-clearfix\" data-tab=\"5\" role=\"region\" aria-labelledby=\"elementor-tab-title-1545\"><p>Sandra Alessandri, Teamleitung<br \/>Sachbearbeitung \/ Buchhaltung Mandatsf\u00fchrung<br \/>Telefon 041 485 72 10<br \/><a href=\"mailto:sandra.alessandri@sobz-entlebuch.ch\">E-Mail<\/a><\/p><p>Tanya Renggli, Sachbearbeitung \/ Buchhaltung Mandatsf\u00fchrung<br \/>Telefon 041 485 72 11<br \/><a href=\"mailto:tanya.renggli@sobz-entlebuch.ch\">E-Mail<\/a><\/p><p>Monika Steiner, Sachbearbeitung \/ Buchhaltung Mandatsf\u00fchrung<br \/>Telefon 041 485 72 13<br \/><a href=\"mailto:monika.steiner@sobz-entlebuch.ch\">E-Mail<\/a><\/p><p>Isabella Wicki, Sachbearbeitung \/ Buchhaltung Mandatsf\u00fchrung<br \/>Telefon 041 485 72 14<br \/><a href=\"mailto:isabella.wicki@sobz-entlebuch.ch\" target=\"_blank\" rel=\"noopener\">E-Mail<\/a><\/p><p>Nadia Zihlmann, Sachbearbeitung \/ Buchhaltung Mandatsf\u00fchrung<br \/>Telefon 041 485 72 15<br \/><a href=\"mailto:nadia.zihlmann@sobz-entlebuch.ch\">E-Mail<\/a><\/p><p>Carmen Zemp, Sachbearbeitung \/ Buchhaltung Mandatsf\u00fchrung<br \/>Telefon 041 485 72 00<br \/><a href=\"mailto:carmen.zemp@sobz-entlebuch.ch\" target=\"_blank\" rel=\"noopener\">E-Mail<\/a><\/p><\/div>\n\t\t\t\t<\/div>\n\t\t\t\t\t\t\t<div class=\"elementor-toggle-item\">\n\t\t\t\t\t<div id=\"elementor-tab-title-1546\" class=\"elementor-tab-title\" data-tab=\"6\" role=\"button\" aria-controls=\"elementor-tab-content-1546\" aria-expanded=\"false\">\n\t\t\t\t\t\t\t\t\t\t\t\t<span class=\"elementor-toggle-icon elementor-toggle-icon-left\" aria-hidden=\"true\">\n\t\t\t\t\t\t\t\t\t\t\t\t\t\t\t<span class=\"elementor-toggle-icon-closed\"><i class=\"fas fa-caret-right\"><\/i><\/span>\n\t\t\t\t\t\t\t\t<span class=\"elementor-toggle-icon-opened\"><i class=\"elementor-toggle-icon-opened fas fa-caret-up\"><\/i><\/span>\n\t\t\t\t\t\t\t\t\t\t\t\t\t<\/span>\n\t\t\t\t\t\t\t\t\t\t\t\t<a class=\"elementor-toggle-title\" tabindex=\"0\">SEKRETARIAT UND EMPFANG\u200b<\/a>\n\t\t\t\t\t<\/div>\n\n\t\t\t\t\t<div id=\"elementor-tab-content-1546\" class=\"elementor-tab-content elementor-clearfix\" data-tab=\"6\" role=\"region\" aria-labelledby=\"elementor-tab-title-1546\"><p>Carmen Zemp, Empfang, Gesch\u00e4ftssekretariat<br \/>und Sachbearbeitung Sozialberatung<br \/>Telefon 041 485 72 00<br \/><a href=\"mailto:carmen.zemp@sobz-entlebuch.ch\" target=\"_blank\" rel=\"noopener\">E-Mail<\/a>\u00a0<\/p><p>Hiwet Kidane, Reinigungsdienst<br \/>Telefon 041 485 72 00<\/p><\/div>\n\t\t\t\t<\/div>\n\t\t\t\t\t\t\t<div class=\"elementor-toggle-item\">\n\t\t\t\t\t<div id=\"elementor-tab-title-1547\" class=\"elementor-tab-title\" data-tab=\"7\" role=\"button\" aria-controls=\"elementor-tab-content-1547\" aria-expanded=\"false\">\n\t\t\t\t\t\t\t\t\t\t\t\t<span class=\"elementor-toggle-icon elementor-toggle-icon-left\" aria-hidden=\"true\">\n\t\t\t\t\t\t\t\t\t\t\t\t\t\t\t<span class=\"elementor-toggle-icon-closed\"><i class=\"fas fa-caret-right\"><\/i><\/span>\n\t\t\t\t\t\t\t\t<span class=\"elementor-toggle-icon-opened\"><i class=\"elementor-toggle-icon-opened fas fa-caret-up\"><\/i><\/span>\n\t\t\t\t\t\t\t\t\t\t\t\t\t<\/span>\n\t\t\t\t\t\t\t\t\t\t\t\t<a class=\"elementor-toggle-title\" tabindex=\"0\">ZENTRALE DIENSTE\u200b<\/a>\n\t\t\t\t\t<\/div>\n\n\t\t\t\t\t<div id=\"elementor-tab-content-1547\" class=\"elementor-tab-content elementor-clearfix\" data-tab=\"7\" role=\"region\" aria-labelledby=\"elementor-tab-title-1547\"><p>Ronald Stalder, Leiter Zentrale Dienste<br>Telefon 041 485 72 16<br><a href=\"mailto:ronald.stalder@sobz-entlebuch.ch\">E-Mail<\/a><\/p>\n<p>Caroline Koller, Fachverantwortung Personal<br>Telefon 041 485 72 61<br><a href=\"mailto:caroline.koller@sobz-entlebuch.ch\">E-Mail<\/a><\/p>\n<p>Livia Isenegger, Lernende KV<br>Telefon 041 485 72 62<br><a href=\"mailto:livia.isenegger@sobz-entlebuch.ch\" target=\"_blank\">E-Mail<\/a><\/p>\n<p>Ayla Graber, Praktikantin Zentrale Dienste<br>Telefon 041 485 72 00<br><a href=\"mailto: ayla.graber@sobz-entlebuch.ch\" target=\"_blank\">E-mail<\/a><\/p><\/div>\n\t\t\t\t<\/div>\n\t\t\t\t\t\t\t\t<\/div>\n\t\t\t\t\t\t<\/div>\n\t\t\t\t<\/div>\n\t\t\t\t\t<\/div>\n\t\t<\/div>\n\t\t\t\t\t<\/div>\n\t\t<\/section>\n\t\t\t\t<\/div>\n\t\t","protected":false},"excerpt":{"rendered":"<p>UNSER TEAM LEITUNG\u200b Marcus Nauer, Sozialarbeiter\u00a0Telefon 041 485 72 05E-Mail M\u00dcTTER- UND V\u00c4TERBERATUNG\u200b Petra Troxler, Fachbereichsleiterin, Beraterin Fr\u00fche KindheitTelefon 079 485 30 44E-Mail Sylvia Baumann, Beraterin Fr\u00fche KindheitTelefon 079 500 33 51E-Mail Andrea Haas, Beraterin Fr\u00fche KindheitTelefon 079 500 33 50E-Mail SOZIAL- UND SUCHTBERATUNG\u200b Jasmin Tremp, Fachbereichsleiterin, SozialarbeiterinTelefon 041 485 72 24E-Mail Marieke Lindblom, SozialarbeiterinTelefon\u00a0041 &hellip; <a href=\"https:\/\/www.sobz-entlebuch.ch\/index.php\/unser-team\/\" class=\"more-link\"><span class=\"screen-reader-text\">\u201eUnser Team\u201c<\/span> weiterlesen<\/a><\/p>\n","protected":false},"author":1,"featured_media":0,"parent":0,"menu_order":0,"comment_status":"closed","ping_status":"closed","template":"","meta":{"_exactmetrics_skip_tracking":false,"_exactmetrics_sitenote_active":false,"_exactmetrics_sitenote_note":"","_exactmetrics_sitenote_category":0,"footnotes":""},"class_list":["post-45","page","type-page","status-publish","hentry"],"yoast_head":"<!-- This site is optimized with the Yoast SEO plugin v25.3.1 - https:\/\/yoast.com\/wordpress\/plugins\/seo\/ -->\n<title>Unser Team - Sozial-BeratungsZentrum SoBZ<\/title>\n<meta name=\"description\" content=\"Gerne stellen wir Ihnen das Team des Sozial-BeratungsZentrums vor. Hier finden sie die Telefonnummern des SoBZ in Sch\u00fcpfheim.\" \/>\n<meta name=\"robots\" content=\"index, follow, max-snippet:-1, max-image-preview:large, max-video-preview:-1\" \/>\n<link rel=\"canonical\" href=\"https:\/\/www.sobz-entlebuch.ch\/index.php\/unser-team\/\" \/>\n<meta property=\"og:locale\" content=\"de_DE\" \/>\n<meta property=\"og:type\" content=\"article\" \/>\n<meta property=\"og:title\" content=\"Unser Team - Sozial-BeratungsZentrum SoBZ\" \/>\n<meta property=\"og:description\" content=\"Gerne stellen wir Ihnen das Team des Sozial-BeratungsZentrums vor. Hier finden sie die Telefonnummern des SoBZ in Sch\u00fcpfheim.\" \/>\n<meta property=\"og:url\" content=\"https:\/\/www.sobz-entlebuch.ch\/index.php\/unser-team\/\" \/>\n<meta property=\"og:site_name\" content=\"Sozial-BeratungsZentrum SoBZ\" \/>\n<meta property=\"article:modified_time\" content=\"2025-12-04T13:05:16+00:00\" \/>\n<meta name=\"twitter:card\" content=\"summary_large_image\" \/>\n<meta name=\"twitter:label1\" content=\"Gesch\u00e4tzte Lesezeit\" \/>\n\t<meta name=\"twitter:data1\" content=\"2\u00a0Minuten\" \/>\n<script type=\"application\/ld+json\" class=\"yoast-schema-graph\">{\"@context\":\"https:\/\/schema.org\",\"@graph\":[{\"@type\":\"WebPage\",\"@id\":\"https:\/\/www.sobz-entlebuch.ch\/index.php\/unser-team\/\",\"url\":\"https:\/\/www.sobz-entlebuch.ch\/index.php\/unser-team\/\",\"name\":\"Unser Team - Sozial-BeratungsZentrum SoBZ\",\"isPartOf\":{\"@id\":\"https:\/\/www.sobz-entlebuch.ch\/#website\"},\"datePublished\":\"2019-10-09T09:19:44+00:00\",\"dateModified\":\"2025-12-04T13:05:16+00:00\",\"description\":\"Gerne stellen wir Ihnen das Team des Sozial-BeratungsZentrums vor. Hier finden sie die Telefonnummern des SoBZ in Sch\u00fcpfheim.\",\"breadcrumb\":{\"@id\":\"https:\/\/www.sobz-entlebuch.ch\/index.php\/unser-team\/#breadcrumb\"},\"inLanguage\":\"de\",\"potentialAction\":[{\"@type\":\"ReadAction\",\"target\":[\"https:\/\/www.sobz-entlebuch.ch\/index.php\/unser-team\/\"]}]},{\"@type\":\"BreadcrumbList\",\"@id\":\"https:\/\/www.sobz-entlebuch.ch\/index.php\/unser-team\/#breadcrumb\",\"itemListElement\":[{\"@type\":\"ListItem\",\"position\":1,\"name\":\"Startseite\",\"item\":\"https:\/\/www.sobz-entlebuch.ch\/\"},{\"@type\":\"ListItem\",\"position\":2,\"name\":\"Unser Team\"}]},{\"@type\":\"WebSite\",\"@id\":\"https:\/\/www.sobz-entlebuch.ch\/#website\",\"url\":\"https:\/\/www.sobz-entlebuch.ch\/\",\"name\":\"Sozial-BeratungsZentrum SoBZ\",\"description\":\"Beratungsstellen f\u00fcr die Region Entlebuch, Wolhusen und Ruswil\",\"publisher\":{\"@id\":\"https:\/\/www.sobz-entlebuch.ch\/#organization\"},\"potentialAction\":[{\"@type\":\"SearchAction\",\"target\":{\"@type\":\"EntryPoint\",\"urlTemplate\":\"https:\/\/www.sobz-entlebuch.ch\/?s={search_term_string}\"},\"query-input\":{\"@type\":\"PropertyValueSpecification\",\"valueRequired\":true,\"valueName\":\"search_term_string\"}}],\"inLanguage\":\"de\"},{\"@type\":\"Organization\",\"@id\":\"https:\/\/www.sobz-entlebuch.ch\/#organization\",\"name\":\"SoBZ Sch\u00fcpfheim\",\"url\":\"https:\/\/www.sobz-entlebuch.ch\/\",\"logo\":{\"@type\":\"ImageObject\",\"inLanguage\":\"de\",\"@id\":\"https:\/\/www.sobz-entlebuch.ch\/#\/schema\/logo\/image\/\",\"url\":\"https:\/\/www.sobz-entlebuch.ch\/wp-content\/uploads\/2019\/12\/SoBZ_Favicon.jpg\",\"contentUrl\":\"https:\/\/www.sobz-entlebuch.ch\/wp-content\/uploads\/2019\/12\/SoBZ_Favicon.jpg\",\"width\":1000,\"height\":1000,\"caption\":\"SoBZ Sch\u00fcpfheim\"},\"image\":{\"@id\":\"https:\/\/www.sobz-entlebuch.ch\/#\/schema\/logo\/image\/\"}}]}<\/script>\n<!-- \/ Yoast SEO plugin. -->","yoast_head_json":{"title":"Unser Team - Sozial-BeratungsZentrum SoBZ","description":"Gerne stellen wir Ihnen das Team des Sozial-BeratungsZentrums vor. Hier finden sie die Telefonnummern des SoBZ in Sch\u00fcpfheim.","robots":{"index":"index","follow":"follow","max-snippet":"max-snippet:-1","max-image-preview":"max-image-preview:large","max-video-preview":"max-video-preview:-1"},"canonical":"https:\/\/www.sobz-entlebuch.ch\/index.php\/unser-team\/","og_locale":"de_DE","og_type":"article","og_title":"Unser Team - Sozial-BeratungsZentrum SoBZ","og_description":"Gerne stellen wir Ihnen das Team des Sozial-BeratungsZentrums vor. Hier finden sie die Telefonnummern des SoBZ in Sch\u00fcpfheim.","og_url":"https:\/\/www.sobz-entlebuch.ch\/index.php\/unser-team\/","og_site_name":"Sozial-BeratungsZentrum SoBZ","article_modified_time":"2025-12-04T13:05:16+00:00","twitter_card":"summary_large_image","twitter_misc":{"Gesch\u00e4tzte Lesezeit":"2\u00a0Minuten"},"schema":{"@context":"https:\/\/schema.org","@graph":[{"@type":"WebPage","@id":"https:\/\/www.sobz-entlebuch.ch\/index.php\/unser-team\/","url":"https:\/\/www.sobz-entlebuch.ch\/index.php\/unser-team\/","name":"Unser Team - Sozial-BeratungsZentrum SoBZ","isPartOf":{"@id":"https:\/\/www.sobz-entlebuch.ch\/#website"},"datePublished":"2019-10-09T09:19:44+00:00","dateModified":"2025-12-04T13:05:16+00:00","description":"Gerne stellen wir Ihnen das Team des Sozial-BeratungsZentrums vor. Hier finden sie die Telefonnummern des SoBZ in Sch\u00fcpfheim.","breadcrumb":{"@id":"https:\/\/www.sobz-entlebuch.ch\/index.php\/unser-team\/#breadcrumb"},"inLanguage":"de","potentialAction":[{"@type":"ReadAction","target":["https:\/\/www.sobz-entlebuch.ch\/index.php\/unser-team\/"]}]},{"@type":"BreadcrumbList","@id":"https:\/\/www.sobz-entlebuch.ch\/index.php\/unser-team\/#breadcrumb","itemListElement":[{"@type":"ListItem","position":1,"name":"Startseite","item":"https:\/\/www.sobz-entlebuch.ch\/"},{"@type":"ListItem","position":2,"name":"Unser Team"}]},{"@type":"WebSite","@id":"https:\/\/www.sobz-entlebuch.ch\/#website","url":"https:\/\/www.sobz-entlebuch.ch\/","name":"Sozial-BeratungsZentrum SoBZ","description":"Beratungsstellen f\u00fcr die Region Entlebuch, Wolhusen und Ruswil","publisher":{"@id":"https:\/\/www.sobz-entlebuch.ch\/#organization"},"potentialAction":[{"@type":"SearchAction","target":{"@type":"EntryPoint","urlTemplate":"https:\/\/www.sobz-entlebuch.ch\/?s={search_term_string}"},"query-input":{"@type":"PropertyValueSpecification","valueRequired":true,"valueName":"search_term_string"}}],"inLanguage":"de"},{"@type":"Organization","@id":"https:\/\/www.sobz-entlebuch.ch\/#organization","name":"SoBZ Sch\u00fcpfheim","url":"https:\/\/www.sobz-entlebuch.ch\/","logo":{"@type":"ImageObject","inLanguage":"de","@id":"https:\/\/www.sobz-entlebuch.ch\/#\/schema\/logo\/image\/","url":"https:\/\/www.sobz-entlebuch.ch\/wp-content\/uploads\/2019\/12\/SoBZ_Favicon.jpg","contentUrl":"https:\/\/www.sobz-entlebuch.ch\/wp-content\/uploads\/2019\/12\/SoBZ_Favicon.jpg","width":1000,"height":1000,"caption":"SoBZ Sch\u00fcpfheim"},"image":{"@id":"https:\/\/www.sobz-entlebuch.ch\/#\/schema\/logo\/image\/"}}]}},"_links":{"self":[{"href":"https:\/\/www.sobz-entlebuch.ch\/index.php\/wp-json\/wp\/v2\/pages\/45","targetHints":{"allow":["GET"]}}],"collection":[{"href":"https:\/\/www.sobz-entlebuch.ch\/index.php\/wp-json\/wp\/v2\/pages"}],"about":[{"href":"https:\/\/www.sobz-entlebuch.ch\/index.php\/wp-json\/wp\/v2\/types\/page"}],"author":[{"embeddable":true,"href":"https:\/\/www.sobz-entlebuch.ch\/index.php\/wp-json\/wp\/v2\/users\/1"}],"replies":[{"embeddable":true,"href":"https:\/\/www.sobz-entlebuch.ch\/index.php\/wp-json\/wp\/v2\/comments?post=45"}],"version-history":[{"count":225,"href":"https:\/\/www.sobz-entlebuch.ch\/index.php\/wp-json\/wp\/v2\/pages\/45\/revisions"}],"predecessor-version":[{"id":4410,"href":"https:\/\/www.sobz-entlebuch.ch\/index.php\/wp-json\/wp\/v2\/pages\/45\/revisions\/4410"}],"wp:attachment":[{"href":"https:\/\/www.sobz-entlebuch.ch\/index.php\/wp-json\/wp\/v2\/media?parent=45"}],"curies":[{"name":"wp","href":"https:\/\/api.w.org\/{rel}","templated":true}]}}