{"id":41,"date":"2019-10-09T11:19:06","date_gmt":"2019-10-09T09:19:06","guid":{"rendered":"http:\/\/wordpress.sobz-entlebuch.ch\/?page_id=41"},"modified":"2025-03-26T07:06:10","modified_gmt":"2025-03-26T06:06:10","slug":"ueber-uns","status":"publish","type":"page","link":"https:\/\/www.sobz-entlebuch.ch\/index.php\/ueber-uns\/","title":{"rendered":"Kontakt"},"content":{"rendered":"\t\t<div data-elementor-type=\"wp-page\" data-elementor-id=\"41\" class=\"elementor elementor-41\" data-elementor-post-type=\"page\">\n\t\t\t\t\t\t<section class=\"elementor-section elementor-top-section elementor-element elementor-element-7aaa6e8 elementor-section-stretched elementor-section-full_width elementor-section-height-min-height elementor-section-height-default elementor-section-items-middle\" data-id=\"7aaa6e8\" data-element_type=\"section\" data-settings=\"{&quot;stretch_section&quot;:&quot;section-stretched&quot;,&quot;background_background&quot;:&quot;classic&quot;}\">\n\t\t\t\t\t\t<div class=\"elementor-container elementor-column-gap-default\">\n\t\t\t\t\t<div class=\"elementor-column elementor-col-100 elementor-top-column elementor-element elementor-element-c6515f6\" data-id=\"c6515f6\" data-element_type=\"column\">\n\t\t\t<div class=\"elementor-widget-wrap\">\n\t\t\t\t\t\t\t<\/div>\n\t\t<\/div>\n\t\t\t\t\t<\/div>\n\t\t<\/section>\n\t\t\t\t<section class=\"elementor-section elementor-top-section elementor-element elementor-element-2e0d1e6 elementor-section-stretched elementor-section-boxed elementor-section-height-default elementor-section-height-default\" data-id=\"2e0d1e6\" data-element_type=\"section\" data-settings=\"{&quot;stretch_section&quot;:&quot;section-stretched&quot;}\">\n\t\t\t\t\t\t<div class=\"elementor-container elementor-column-gap-default\">\n\t\t\t\t\t<div class=\"elementor-column elementor-col-100 elementor-top-column elementor-element elementor-element-b08d319\" data-id=\"b08d319\" data-element_type=\"column\">\n\t\t\t<div class=\"elementor-widget-wrap elementor-element-populated\">\n\t\t\t\t\t\t<div class=\"elementor-element elementor-element-d21f89b elementor-widget elementor-widget-heading\" data-id=\"d21f89b\" data-element_type=\"widget\" data-widget_type=\"heading.default\">\n\t\t\t\t<div class=\"elementor-widget-container\">\n\t\t\t\t\t<h2 class=\"elementor-heading-title elementor-size-default\">KONTAKT<\/h2>\t\t\t\t<\/div>\n\t\t\t\t<\/div>\n\t\t\t\t<div class=\"elementor-element elementor-element-76b899d elementor-widget elementor-widget-heading\" data-id=\"76b899d\" data-element_type=\"widget\" data-widget_type=\"heading.default\">\n\t\t\t\t<div class=\"elementor-widget-container\">\n\t\t\t\t\t<h2 class=\"elementor-heading-title elementor-size-default\">Das kompetente Sozial-BeratungsZentrum in Ihrer N\u00e4he<\/h2>\t\t\t\t<\/div>\n\t\t\t\t<\/div>\n\t\t\t\t<div class=\"elementor-element elementor-element-463502d elementor-widget elementor-widget-spacer\" data-id=\"463502d\" data-element_type=\"widget\" data-widget_type=\"spacer.default\">\n\t\t\t\t<div class=\"elementor-widget-container\">\n\t\t\t\t\t\t\t<div class=\"elementor-spacer\">\n\t\t\t<div class=\"elementor-spacer-inner\"><\/div>\n\t\t<\/div>\n\t\t\t\t\t\t<\/div>\n\t\t\t\t<\/div>\n\t\t\t\t\t<\/div>\n\t\t<\/div>\n\t\t\t\t\t<\/div>\n\t\t<\/section>\n\t\t\t\t<section class=\"elementor-section elementor-top-section elementor-element elementor-element-afeb082 elementor-section-stretched elementor-section-boxed elementor-section-height-default elementor-section-height-default\" data-id=\"afeb082\" data-element_type=\"section\" data-settings=\"{&quot;stretch_section&quot;:&quot;section-stretched&quot;}\">\n\t\t\t\t\t\t<div class=\"elementor-container elementor-column-gap-default\">\n\t\t\t\t\t<div class=\"elementor-column elementor-col-33 elementor-top-column elementor-element elementor-element-80ab15d\" data-id=\"80ab15d\" data-element_type=\"column\">\n\t\t\t<div class=\"elementor-widget-wrap elementor-element-populated\">\n\t\t\t\t\t\t<div class=\"elementor-element elementor-element-07727a9 elementor-widget elementor-widget-text-editor\" data-id=\"07727a9\" data-element_type=\"widget\" data-widget_type=\"text-editor.default\">\n\t\t\t\t<div class=\"elementor-widget-container\">\n\t\t\t\t\t\t\t\t\t<p style=\"text-align: center;\">SoBZ Region Entlebuch, Wolhusen und Ruswil<br \/>Postfach 165<br \/>Hauptstrasse 13<br \/>6170 Sch\u00fcpfheim<\/p><p style=\"text-align: center;\">Tel. 041 485 72 00<br \/><a href=\"mailto:info@sobz-entlebuch.ch\">E-Mail<\/a><\/p>\t\t\t\t\t\t\t\t<\/div>\n\t\t\t\t<\/div>\n\t\t\t\t\t<\/div>\n\t\t<\/div>\n\t\t\t\t<div class=\"elementor-column elementor-col-33 elementor-top-column elementor-element elementor-element-e82272d\" data-id=\"e82272d\" data-element_type=\"column\">\n\t\t\t<div class=\"elementor-widget-wrap elementor-element-populated\">\n\t\t\t\t\t\t<div class=\"elementor-element elementor-element-9ecf1b0 elementor-widget elementor-widget-google_maps\" data-id=\"9ecf1b0\" data-element_type=\"widget\" data-widget_type=\"google_maps.default\">\n\t\t\t\t<div class=\"elementor-widget-container\">\n\t\t\t\t\t\t\t<div class=\"elementor-custom-embed\">\n\t\t\t<iframe loading=\"lazy\"\n\t\t\t\t\tsrc=\"https:\/\/maps.google.com\/maps?q=Haupstrasse%2013%2C%206170%20Sch%C3%BCpfheim&#038;t=m&#038;z=10&#038;output=embed&#038;iwloc=near\"\n\t\t\t\t\ttitle=\"Haupstrasse 13, 6170 Sch\u00fcpfheim\"\n\t\t\t\t\taria-label=\"Haupstrasse 13, 6170 Sch\u00fcpfheim\"\n\t\t\t><\/iframe>\n\t\t<\/div>\n\t\t\t\t\t\t<\/div>\n\t\t\t\t<\/div>\n\t\t\t\t\t<\/div>\n\t\t<\/div>\n\t\t\t\t<div class=\"elementor-column elementor-col-33 elementor-top-column elementor-element elementor-element-4320aa8\" data-id=\"4320aa8\" data-element_type=\"column\">\n\t\t\t<div class=\"elementor-widget-wrap elementor-element-populated\">\n\t\t\t\t\t\t<div class=\"elementor-element elementor-element-48ffbb6 elementor-widget elementor-widget-text-editor\" data-id=\"48ffbb6\" data-element_type=\"widget\" data-widget_type=\"text-editor.default\">\n\t\t\t\t<div class=\"elementor-widget-container\">\n\t\t\t\t\t\t\t\t\t<p style=\"text-align: center;\"><span style=\"font-size: 1rem;\">Das Telefon wird von<br><\/span><span style=\"font-size: 1rem;\">08.30 &#8211; 11.30 Uhr<br><\/span><span style=\"font-size: 1rem;\">13.30 &#8211; 16.00 Uhr<br><\/span><span style=\"font-size: 1rem;\">bedient.<br>Dienstag Vormittag und Freitag Nachmittag geschlossen<\/span><\/p>\n<p style=\"text-align: center;\">\n<\/p>\t\t\t\t\t\t\t\t<\/div>\n\t\t\t\t<\/div>\n\t\t\t\t\t<\/div>\n\t\t<\/div>\n\t\t\t\t\t<\/div>\n\t\t<\/section>\n\t\t\t\t<section class=\"elementor-section elementor-top-section elementor-element elementor-element-babb472 elementor-section-stretched elementor-section-boxed elementor-section-height-default elementor-section-height-default\" data-id=\"babb472\" data-element_type=\"section\" data-settings=\"{&quot;stretch_section&quot;:&quot;section-stretched&quot;,&quot;background_background&quot;:&quot;classic&quot;}\">\n\t\t\t\t\t\t<div class=\"elementor-container elementor-column-gap-default\">\n\t\t\t\t\t<div class=\"elementor-column elementor-col-100 elementor-top-column elementor-element elementor-element-cc39305\" data-id=\"cc39305\" data-element_type=\"column\">\n\t\t\t<div class=\"elementor-widget-wrap elementor-element-populated\">\n\t\t\t\t\t\t<div class=\"elementor-element elementor-element-04fdfce elementor-widget elementor-widget-heading\" data-id=\"04fdfce\" data-element_type=\"widget\" data-widget_type=\"heading.default\">\n\t\t\t\t<div class=\"elementor-widget-container\">\n\t\t\t\t\t<h2 class=\"elementor-heading-title elementor-size-default\">Kontaktieren Sie uns direkt!<\/h2>\t\t\t\t<\/div>\n\t\t\t\t<\/div>\n\t\t\t\t<div class=\"elementor-element elementor-element-3848cfe elementor-button-align-stretch elementor-widget elementor-widget-form\" data-id=\"3848cfe\" data-element_type=\"widget\" data-settings=\"{&quot;step_next_label&quot;:&quot;N\\u00e4chster&quot;,&quot;step_previous_label&quot;:&quot;Voriger&quot;,&quot;button_width&quot;:&quot;100&quot;,&quot;step_type&quot;:&quot;number_text&quot;,&quot;step_icon_shape&quot;:&quot;circle&quot;}\" data-widget_type=\"form.default\">\n\t\t\t\t<div class=\"elementor-widget-container\">\n\t\t\t\t\t\t\t<form class=\"elementor-form\" method=\"post\" name=\"Kontaktformular\">\n\t\t\t<input type=\"hidden\" name=\"post_id\" value=\"41\"\/>\n\t\t\t<input type=\"hidden\" name=\"form_id\" value=\"3848cfe\"\/>\n\t\t\t<input type=\"hidden\" name=\"referer_title\" value=\"Sozial-BeratungsZentrum SoBZ\" \/>\n\n\t\t\t\n\t\t\t<div class=\"elementor-form-fields-wrapper elementor-labels-\">\n\t\t\t\t\t\t\t\t<div class=\"elementor-field-type-text elementor-field-group elementor-column elementor-field-group-name elementor-col-50 elementor-field-required\">\n\t\t\t\t\t\t\t\t\t\t\t\t<label for=\"form-field-name\" class=\"elementor-field-label elementor-screen-only\">\n\t\t\t\t\t\t\t\tName\t\t\t\t\t\t\t<\/label>\n\t\t\t\t\t\t\t\t\t\t\t\t\t\t<input size=\"1\" type=\"text\" name=\"form_fields[name]\" id=\"form-field-name\" class=\"elementor-field elementor-size-sm  elementor-field-textual\" placeholder=\"Name\" required=\"required\">\n\t\t\t\t\t\t\t\t\t\t\t<\/div>\n\t\t\t\t\t\t\t\t<div class=\"elementor-field-type-text elementor-field-group elementor-column elementor-field-group-field_4836f3e elementor-col-50 elementor-field-required\">\n\t\t\t\t\t\t\t\t\t\t\t\t<label for=\"form-field-field_4836f3e\" class=\"elementor-field-label elementor-screen-only\">\n\t\t\t\t\t\t\t\tVorname\t\t\t\t\t\t\t<\/label>\n\t\t\t\t\t\t\t\t\t\t\t\t\t\t<input size=\"1\" type=\"text\" name=\"form_fields[field_4836f3e]\" id=\"form-field-field_4836f3e\" class=\"elementor-field elementor-size-sm  elementor-field-textual\" placeholder=\"Vorname\" required=\"required\">\n\t\t\t\t\t\t\t\t\t\t\t<\/div>\n\t\t\t\t\t\t\t\t<div class=\"elementor-field-type-email elementor-field-group elementor-column elementor-field-group-email elementor-col-100 elementor-field-required\">\n\t\t\t\t\t\t\t\t\t\t\t\t<label for=\"form-field-email\" class=\"elementor-field-label elementor-screen-only\">\n\t\t\t\t\t\t\t\tE-Mail\t\t\t\t\t\t\t<\/label>\n\t\t\t\t\t\t\t\t\t\t\t\t\t\t<input size=\"1\" type=\"email\" name=\"form_fields[email]\" id=\"form-field-email\" class=\"elementor-field elementor-size-sm  elementor-field-textual\" placeholder=\"E-Mail\" required=\"required\">\n\t\t\t\t\t\t\t\t\t\t\t<\/div>\n\t\t\t\t\t\t\t\t<div class=\"elementor-field-type-text elementor-field-group elementor-column elementor-field-group-field_49bf4d5 elementor-col-100 elementor-field-required\">\n\t\t\t\t\t\t\t\t\t\t\t\t<label for=\"form-field-field_49bf4d5\" class=\"elementor-field-label elementor-screen-only\">\n\t\t\t\t\t\t\t\tBetreff\t\t\t\t\t\t\t<\/label>\n\t\t\t\t\t\t\t\t\t\t\t\t\t\t<input size=\"1\" type=\"text\" name=\"form_fields[field_49bf4d5]\" id=\"form-field-field_49bf4d5\" class=\"elementor-field elementor-size-sm  elementor-field-textual\" placeholder=\"Betreff\" required=\"required\">\n\t\t\t\t\t\t\t\t\t\t\t<\/div>\n\t\t\t\t\t\t\t\t<div class=\"elementor-field-type-textarea elementor-field-group elementor-column elementor-field-group-message elementor-col-100\">\n\t\t\t\t\t\t\t\t\t\t\t\t<label for=\"form-field-message\" class=\"elementor-field-label elementor-screen-only\">\n\t\t\t\t\t\t\t\tNachricht\t\t\t\t\t\t\t<\/label>\n\t\t\t\t\t\t<textarea class=\"elementor-field-textual elementor-field  elementor-size-sm\" name=\"form_fields[message]\" id=\"form-field-message\" rows=\"6\" placeholder=\"Nachricht\"><\/textarea>\t\t\t\t<\/div>\n\t\t\t\t\t\t\t\t<div class=\"elementor-field-group elementor-column elementor-field-type-submit elementor-col-100 e-form__buttons\">\n\t\t\t\t\t<button class=\"elementor-button elementor-size-sm\" type=\"submit\">\n\t\t\t\t\t\t<span class=\"elementor-button-content-wrapper\">\n\t\t\t\t\t\t\t\t\t\t\t\t\t\t\t\t\t\t\t\t\t\t<span class=\"elementor-button-text\">Senden<\/span>\n\t\t\t\t\t\t\t\t\t\t\t\t\t<\/span>\n\t\t\t\t\t<\/button>\n\t\t\t\t<\/div>\n\t\t\t<\/div>\n\t\t<\/form>\n\t\t\t\t\t\t<\/div>\n\t\t\t\t<\/div>\n\t\t\t\t<div class=\"elementor-element elementor-element-ad8bb72 elementor-widget elementor-widget-spacer\" data-id=\"ad8bb72\" data-element_type=\"widget\" data-widget_type=\"spacer.default\">\n\t\t\t\t<div class=\"elementor-widget-container\">\n\t\t\t\t\t\t\t<div class=\"elementor-spacer\">\n\t\t\t<div class=\"elementor-spacer-inner\"><\/div>\n\t\t<\/div>\n\t\t\t\t\t\t<\/div>\n\t\t\t\t<\/div>\n\t\t\t\t\t<\/div>\n\t\t<\/div>\n\t\t\t\t\t<\/div>\n\t\t<\/section>\n\t\t\t\t<\/div>\n\t\t","protected":false},"excerpt":{"rendered":"<p>KONTAKT Das kompetente Sozial-BeratungsZentrum in Ihrer N\u00e4he SoBZ Region Entlebuch, Wolhusen und RuswilPostfach 165Hauptstrasse 136170 Sch\u00fcpfheim Tel. 041 485 72 00E-Mail Das Telefon wird von08.30 &#8211; 11.30 Uhr13.30 &#8211; 16.00 Uhrbedient.Dienstag Vormittag und Freitag Nachmittag geschlossen Kontaktieren Sie uns direkt!<\/p>\n","protected":false},"author":1,"featured_media":0,"parent":0,"menu_order":0,"comment_status":"closed","ping_status":"closed","template":"","meta":{"_exactmetrics_skip_tracking":false,"_exactmetrics_sitenote_active":false,"_exactmetrics_sitenote_note":"","_exactmetrics_sitenote_category":0,"footnotes":""},"class_list":["post-41","page","type-page","status-publish","hentry"],"yoast_head":"<!-- This site is optimized with the Yoast SEO plugin v25.3.1 - https:\/\/yoast.com\/wordpress\/plugins\/seo\/ -->\n<title>Kontakt - Sozial-BeratungsZentrum SoBZ %Kontakt %\u00d6ffnungszeiten<\/title>\n<meta name=\"description\" content=\"\u00d6ffnungszeiten und Kontaktadresse Ruswil Wolhusen Werthenstein Romoos Doppleschwand Entlebuch Hasle Sch\u00fcpfheim Fl\u00fchli S\u00f6renberg Escholzmatt-Marbach\" \/>\n<meta name=\"robots\" content=\"index, follow, max-snippet:-1, max-image-preview:large, max-video-preview:-1\" \/>\n<link rel=\"canonical\" href=\"https:\/\/www.sobz-entlebuch.ch\/index.php\/ueber-uns\/\" \/>\n<meta property=\"og:locale\" content=\"de_DE\" \/>\n<meta property=\"og:type\" content=\"article\" \/>\n<meta property=\"og:title\" content=\"Kontakt - Sozial-BeratungsZentrum SoBZ %Kontakt %\u00d6ffnungszeiten\" \/>\n<meta property=\"og:description\" content=\"\u00d6ffnungszeiten und Kontaktadresse Ruswil Wolhusen Werthenstein Romoos Doppleschwand Entlebuch Hasle Sch\u00fcpfheim Fl\u00fchli S\u00f6renberg Escholzmatt-Marbach\" \/>\n<meta property=\"og:url\" content=\"https:\/\/www.sobz-entlebuch.ch\/index.php\/ueber-uns\/\" \/>\n<meta property=\"og:site_name\" content=\"Sozial-BeratungsZentrum SoBZ\" \/>\n<meta property=\"article:modified_time\" content=\"2025-03-26T06:06:10+00:00\" \/>\n<meta name=\"twitter:card\" content=\"summary_large_image\" \/>\n<meta name=\"twitter:label1\" content=\"Gesch\u00e4tzte Lesezeit\" \/>\n\t<meta name=\"twitter:data1\" content=\"1\u00a0Minute\" \/>\n<script type=\"application\/ld+json\" class=\"yoast-schema-graph\">{\"@context\":\"https:\/\/schema.org\",\"@graph\":[{\"@type\":\"WebPage\",\"@id\":\"https:\/\/www.sobz-entlebuch.ch\/index.php\/ueber-uns\/\",\"url\":\"https:\/\/www.sobz-entlebuch.ch\/index.php\/ueber-uns\/\",\"name\":\"Kontakt - Sozial-BeratungsZentrum SoBZ %Kontakt %\u00d6ffnungszeiten\",\"isPartOf\":{\"@id\":\"https:\/\/www.sobz-entlebuch.ch\/#website\"},\"datePublished\":\"2019-10-09T09:19:06+00:00\",\"dateModified\":\"2025-03-26T06:06:10+00:00\",\"description\":\"\u00d6ffnungszeiten und Kontaktadresse Ruswil Wolhusen Werthenstein Romoos Doppleschwand Entlebuch Hasle Sch\u00fcpfheim Fl\u00fchli S\u00f6renberg Escholzmatt-Marbach\",\"breadcrumb\":{\"@id\":\"https:\/\/www.sobz-entlebuch.ch\/index.php\/ueber-uns\/#breadcrumb\"},\"inLanguage\":\"de\",\"potentialAction\":[{\"@type\":\"ReadAction\",\"target\":[\"https:\/\/www.sobz-entlebuch.ch\/index.php\/ueber-uns\/\"]}]},{\"@type\":\"BreadcrumbList\",\"@id\":\"https:\/\/www.sobz-entlebuch.ch\/index.php\/ueber-uns\/#breadcrumb\",\"itemListElement\":[{\"@type\":\"ListItem\",\"position\":1,\"name\":\"Startseite\",\"item\":\"https:\/\/www.sobz-entlebuch.ch\/\"},{\"@type\":\"ListItem\",\"position\":2,\"name\":\"Kontakt\"}]},{\"@type\":\"WebSite\",\"@id\":\"https:\/\/www.sobz-entlebuch.ch\/#website\",\"url\":\"https:\/\/www.sobz-entlebuch.ch\/\",\"name\":\"Sozial-BeratungsZentrum SoBZ\",\"description\":\"Beratungsstellen f\u00fcr die Region Entlebuch, Wolhusen und Ruswil\",\"publisher\":{\"@id\":\"https:\/\/www.sobz-entlebuch.ch\/#organization\"},\"potentialAction\":[{\"@type\":\"SearchAction\",\"target\":{\"@type\":\"EntryPoint\",\"urlTemplate\":\"https:\/\/www.sobz-entlebuch.ch\/?s={search_term_string}\"},\"query-input\":{\"@type\":\"PropertyValueSpecification\",\"valueRequired\":true,\"valueName\":\"search_term_string\"}}],\"inLanguage\":\"de\"},{\"@type\":\"Organization\",\"@id\":\"https:\/\/www.sobz-entlebuch.ch\/#organization\",\"name\":\"SoBZ Sch\u00fcpfheim\",\"url\":\"https:\/\/www.sobz-entlebuch.ch\/\",\"logo\":{\"@type\":\"ImageObject\",\"inLanguage\":\"de\",\"@id\":\"https:\/\/www.sobz-entlebuch.ch\/#\/schema\/logo\/image\/\",\"url\":\"https:\/\/www.sobz-entlebuch.ch\/wp-content\/uploads\/2019\/12\/SoBZ_Favicon.jpg\",\"contentUrl\":\"https:\/\/www.sobz-entlebuch.ch\/wp-content\/uploads\/2019\/12\/SoBZ_Favicon.jpg\",\"width\":1000,\"height\":1000,\"caption\":\"SoBZ Sch\u00fcpfheim\"},\"image\":{\"@id\":\"https:\/\/www.sobz-entlebuch.ch\/#\/schema\/logo\/image\/\"}}]}<\/script>\n<!-- \/ Yoast SEO plugin. -->","yoast_head_json":{"title":"Kontakt - Sozial-BeratungsZentrum SoBZ %Kontakt %\u00d6ffnungszeiten","description":"\u00d6ffnungszeiten und Kontaktadresse Ruswil Wolhusen Werthenstein Romoos Doppleschwand Entlebuch Hasle Sch\u00fcpfheim Fl\u00fchli S\u00f6renberg Escholzmatt-Marbach","robots":{"index":"index","follow":"follow","max-snippet":"max-snippet:-1","max-image-preview":"max-image-preview:large","max-video-preview":"max-video-preview:-1"},"canonical":"https:\/\/www.sobz-entlebuch.ch\/index.php\/ueber-uns\/","og_locale":"de_DE","og_type":"article","og_title":"Kontakt - Sozial-BeratungsZentrum SoBZ %Kontakt %\u00d6ffnungszeiten","og_description":"\u00d6ffnungszeiten und Kontaktadresse Ruswil Wolhusen Werthenstein Romoos Doppleschwand Entlebuch Hasle Sch\u00fcpfheim Fl\u00fchli S\u00f6renberg Escholzmatt-Marbach","og_url":"https:\/\/www.sobz-entlebuch.ch\/index.php\/ueber-uns\/","og_site_name":"Sozial-BeratungsZentrum SoBZ","article_modified_time":"2025-03-26T06:06:10+00:00","twitter_card":"summary_large_image","twitter_misc":{"Gesch\u00e4tzte Lesezeit":"1\u00a0Minute"},"schema":{"@context":"https:\/\/schema.org","@graph":[{"@type":"WebPage","@id":"https:\/\/www.sobz-entlebuch.ch\/index.php\/ueber-uns\/","url":"https:\/\/www.sobz-entlebuch.ch\/index.php\/ueber-uns\/","name":"Kontakt - Sozial-BeratungsZentrum SoBZ %Kontakt %\u00d6ffnungszeiten","isPartOf":{"@id":"https:\/\/www.sobz-entlebuch.ch\/#website"},"datePublished":"2019-10-09T09:19:06+00:00","dateModified":"2025-03-26T06:06:10+00:00","description":"\u00d6ffnungszeiten und Kontaktadresse Ruswil Wolhusen Werthenstein Romoos Doppleschwand Entlebuch Hasle Sch\u00fcpfheim Fl\u00fchli S\u00f6renberg Escholzmatt-Marbach","breadcrumb":{"@id":"https:\/\/www.sobz-entlebuch.ch\/index.php\/ueber-uns\/#breadcrumb"},"inLanguage":"de","potentialAction":[{"@type":"ReadAction","target":["https:\/\/www.sobz-entlebuch.ch\/index.php\/ueber-uns\/"]}]},{"@type":"BreadcrumbList","@id":"https:\/\/www.sobz-entlebuch.ch\/index.php\/ueber-uns\/#breadcrumb","itemListElement":[{"@type":"ListItem","position":1,"name":"Startseite","item":"https:\/\/www.sobz-entlebuch.ch\/"},{"@type":"ListItem","position":2,"name":"Kontakt"}]},{"@type":"WebSite","@id":"https:\/\/www.sobz-entlebuch.ch\/#website","url":"https:\/\/www.sobz-entlebuch.ch\/","name":"Sozial-BeratungsZentrum SoBZ","description":"Beratungsstellen f\u00fcr die Region Entlebuch, Wolhusen und Ruswil","publisher":{"@id":"https:\/\/www.sobz-entlebuch.ch\/#organization"},"potentialAction":[{"@type":"SearchAction","target":{"@type":"EntryPoint","urlTemplate":"https:\/\/www.sobz-entlebuch.ch\/?s={search_term_string}"},"query-input":{"@type":"PropertyValueSpecification","valueRequired":true,"valueName":"search_term_string"}}],"inLanguage":"de"},{"@type":"Organization","@id":"https:\/\/www.sobz-entlebuch.ch\/#organization","name":"SoBZ Sch\u00fcpfheim","url":"https:\/\/www.sobz-entlebuch.ch\/","logo":{"@type":"ImageObject","inLanguage":"de","@id":"https:\/\/www.sobz-entlebuch.ch\/#\/schema\/logo\/image\/","url":"https:\/\/www.sobz-entlebuch.ch\/wp-content\/uploads\/2019\/12\/SoBZ_Favicon.jpg","contentUrl":"https:\/\/www.sobz-entlebuch.ch\/wp-content\/uploads\/2019\/12\/SoBZ_Favicon.jpg","width":1000,"height":1000,"caption":"SoBZ Sch\u00fcpfheim"},"image":{"@id":"https:\/\/www.sobz-entlebuch.ch\/#\/schema\/logo\/image\/"}}]}},"_links":{"self":[{"href":"https:\/\/www.sobz-entlebuch.ch\/index.php\/wp-json\/wp\/v2\/pages\/41","targetHints":{"allow":["GET"]}}],"collection":[{"href":"https:\/\/www.sobz-entlebuch.ch\/index.php\/wp-json\/wp\/v2\/pages"}],"about":[{"href":"https:\/\/www.sobz-entlebuch.ch\/index.php\/wp-json\/wp\/v2\/types\/page"}],"author":[{"embeddable":true,"href":"https:\/\/www.sobz-entlebuch.ch\/index.php\/wp-json\/wp\/v2\/users\/1"}],"replies":[{"embeddable":true,"href":"https:\/\/www.sobz-entlebuch.ch\/index.php\/wp-json\/wp\/v2\/comments?post=41"}],"version-history":[{"count":78,"href":"https:\/\/www.sobz-entlebuch.ch\/index.php\/wp-json\/wp\/v2\/pages\/41\/revisions"}],"predecessor-version":[{"id":3917,"href":"https:\/\/www.sobz-entlebuch.ch\/index.php\/wp-json\/wp\/v2\/pages\/41\/revisions\/3917"}],"wp:attachment":[{"href":"https:\/\/www.sobz-entlebuch.ch\/index.php\/wp-json\/wp\/v2\/media?parent=41"}],"curies":[{"name":"wp","href":"https:\/\/api.w.org\/{rel}","templated":true}]}}