{"id":3851,"date":"2025-03-13T11:33:08","date_gmt":"2025-03-13T10:33:08","guid":{"rendered":"https:\/\/www.sobz-entlebuch.ch\/?page_id=3851"},"modified":"2025-03-13T11:43:40","modified_gmt":"2025-03-13T10:43:40","slug":"calenso-beratungstermin-schuepfheim","status":"publish","type":"page","link":"https:\/\/www.sobz-entlebuch.ch\/index.php\/calenso-beratungstermin-schuepfheim\/","title":{"rendered":"Calenso (Beratungstermin Sch\u00fcpfheim)"},"content":{"rendered":"\t\t<div data-elementor-type=\"wp-page\" data-elementor-id=\"3851\" class=\"elementor elementor-3851\" data-elementor-post-type=\"page\">\n\t\t\t\t\t\t<section class=\"elementor-section elementor-top-section elementor-element elementor-element-f940dc3 elementor-section-stretched elementor-section-full_width elementor-section-height-default elementor-section-height-default\" data-id=\"f940dc3\" data-element_type=\"section\" data-settings=\"{&quot;stretch_section&quot;:&quot;section-stretched&quot;}\">\n\t\t\t\t\t\t<div class=\"elementor-container elementor-column-gap-default\">\n\t\t\t\t\t<div class=\"elementor-column elementor-col-100 elementor-top-column elementor-element elementor-element-7e6585e\" data-id=\"7e6585e\" data-element_type=\"column\">\n\t\t\t<div class=\"elementor-widget-wrap elementor-element-populated\">\n\t\t\t\t\t\t<div class=\"elementor-element elementor-element-0cf52b1 elementor--h-position-center elementor--v-position-middle elementor-arrows-position-inside elementor-pagination-position-inside elementor-widget elementor-widget-slides\" data-id=\"0cf52b1\" data-element_type=\"widget\" data-settings=\"{&quot;navigation&quot;:&quot;both&quot;,&quot;autoplay&quot;:&quot;yes&quot;,&quot;pause_on_hover&quot;:&quot;yes&quot;,&quot;pause_on_interaction&quot;:&quot;yes&quot;,&quot;autoplay_speed&quot;:5000,&quot;infinite&quot;:&quot;yes&quot;,&quot;transition&quot;:&quot;slide&quot;,&quot;transition_speed&quot;:500}\" data-widget_type=\"slides.default\">\n\t\t\t\t<div class=\"elementor-widget-container\">\n\t\t\t\t\t\t\t\t\t<div class=\"elementor-swiper\">\n\t\t\t\t\t<div class=\"elementor-slides-wrapper elementor-main-swiper swiper\" role=\"region\" aria-roledescription=\"carousel\" aria-label=\"Slider\" dir=\"ltr\" data-animation=\"fadeInUp\">\n\t\t\t\t<div class=\"swiper-wrapper elementor-slides\">\n\t\t\t\t\t\t\t\t\t\t<div class=\"elementor-repeater-item-690517a swiper-slide\" role=\"group\" aria-roledescription=\"slide\"><div class=\"swiper-slide-bg\" role=\"img\"><\/div><div class=\"swiper-slide-inner\" ><div class=\"swiper-slide-contents\"><\/div><\/div><\/div>\t\t\t\t<\/div>\n\t\t\t\t\t\t\t<\/div>\n\t\t\t\t<\/div>\n\t\t\t\t\t\t\t\t<\/div>\n\t\t\t\t<\/div>\n\t\t\t\t\t<\/div>\n\t\t<\/div>\n\t\t\t\t\t<\/div>\n\t\t<\/section>\n\t\t\t\t<section class=\"elementor-section elementor-top-section elementor-element elementor-element-ed41c53 elementor-section-stretched elementor-section-boxed elementor-section-height-default elementor-section-height-default\" data-id=\"ed41c53\" data-element_type=\"section\" data-settings=\"{&quot;stretch_section&quot;:&quot;section-stretched&quot;}\">\n\t\t\t\t\t\t<div class=\"elementor-container elementor-column-gap-default\">\n\t\t\t\t\t<div class=\"elementor-column elementor-col-100 elementor-top-column elementor-element elementor-element-1179f8a\" data-id=\"1179f8a\" data-element_type=\"column\">\n\t\t\t<div class=\"elementor-widget-wrap elementor-element-populated\">\n\t\t\t\t\t\t<div class=\"elementor-element elementor-element-dee54c4 elementor-widget elementor-widget-heading\" data-id=\"dee54c4\" data-element_type=\"widget\" data-widget_type=\"heading.default\">\n\t\t\t\t<div class=\"elementor-widget-container\">\n\t\t\t\t\t<h2 class=\"elementor-heading-title elementor-size-default\">TERMIN BUCHEN<\/h2>\t\t\t\t<\/div>\n\t\t\t\t<\/div>\n\t\t\t\t<div class=\"elementor-element elementor-element-1a09cbf elementor-widget elementor-widget-text-editor\" data-id=\"1a09cbf\" data-element_type=\"widget\" data-widget_type=\"text-editor.default\">\n\t\t\t\t<div class=\"elementor-widget-container\">\n\t\t\t\t\t\t\t\t\t<p><strong>Beratungsort SoBZ Sch\u00fcpfheim<\/strong><\/p>\t\t\t\t\t\t\t\t<\/div>\n\t\t\t\t<\/div>\n\t\t\t\t<div class=\"elementor-element elementor-element-3c41d7e elementor-widget elementor-widget-text-editor\" data-id=\"3c41d7e\" data-element_type=\"widget\" data-widget_type=\"text-editor.default\">\n\t\t\t\t<div class=\"elementor-widget-container\">\n\t\t\t\t\t\t\t\t\t<p>Buchen Sie hier Ihren Termin f\u00fcr die M\u00fctter- und V\u00e4terberatung. Falls online kein Termin gefunden werden kann, melden Sie sich auf unserem Beratungstelefon oder direkt bei der zust\u00e4ndigen Beraterin.<\/p>\t\t\t\t\t\t\t\t<\/div>\n\t\t\t\t<\/div>\n\t\t\t\t<div class=\"elementor-element elementor-element-de9cb06 elementor-widget elementor-widget-html\" data-id=\"de9cb06\" data-element_type=\"widget\" data-widget_type=\"html.default\">\n\t\t\t\t<div class=\"elementor-widget-container\">\n\t\t\t\t\t<iframe src=\"https:\/\/widget.calenso.com\/?partner=sobz-entlebuch&isFrame=true&type=appointment&store_id=18919&service[]=41315&category[]=23784&worker_id=0\" loading=\"lazy\" frameborder=\"0\" style=\"height: 800px; width: 100%; max-width: 1100px;\" scrolling=\"yes\"><\/iframe>\t\t\t\t<\/div>\n\t\t\t\t<\/div>\n\t\t\t\t\t<\/div>\n\t\t<\/div>\n\t\t\t\t\t<\/div>\n\t\t<\/section>\n\t\t\t\t<\/div>\n\t\t","protected":false},"excerpt":{"rendered":"<p>TERMIN BUCHEN Beratungsort SoBZ Sch\u00fcpfheim Buchen Sie hier Ihren Termin f\u00fcr die M\u00fctter- und V\u00e4terberatung. Falls online kein Termin gefunden werden kann, melden Sie sich auf unserem Beratungstelefon oder direkt bei der zust\u00e4ndigen Beraterin.<\/p>\n","protected":false},"author":1,"featured_media":0,"parent":0,"menu_order":0,"comment_status":"closed","ping_status":"closed","template":"","meta":{"_exactmetrics_skip_tracking":false,"_exactmetrics_sitenote_active":false,"_exactmetrics_sitenote_note":"","_exactmetrics_sitenote_category":0,"footnotes":""},"class_list":["post-3851","page","type-page","status-publish","hentry"],"yoast_head":"<!-- This site is optimized with the Yoast SEO plugin v25.3.1 - https:\/\/yoast.com\/wordpress\/plugins\/seo\/ -->\n<title>Calenso (Beratungstermin Sch\u00fcpfheim) - Sozial-BeratungsZentrum SoBZ<\/title>\n<meta name=\"robots\" content=\"index, follow, max-snippet:-1, max-image-preview:large, max-video-preview:-1\" \/>\n<link rel=\"canonical\" href=\"https:\/\/www.sobz-entlebuch.ch\/index.php\/calenso-beratungstermin-schuepfheim\/\" \/>\n<meta property=\"og:locale\" content=\"de_DE\" \/>\n<meta property=\"og:type\" content=\"article\" \/>\n<meta property=\"og:title\" content=\"Calenso (Beratungstermin Sch\u00fcpfheim) - Sozial-BeratungsZentrum SoBZ\" \/>\n<meta property=\"og:description\" content=\"TERMIN BUCHEN Beratungsort SoBZ Sch\u00fcpfheim Buchen Sie hier Ihren Termin f\u00fcr die M\u00fctter- und V\u00e4terberatung. Falls online kein Termin gefunden werden kann, melden Sie sich auf unserem Beratungstelefon oder direkt bei der zust\u00e4ndigen Beraterin.\" \/>\n<meta property=\"og:url\" content=\"https:\/\/www.sobz-entlebuch.ch\/index.php\/calenso-beratungstermin-schuepfheim\/\" \/>\n<meta property=\"og:site_name\" content=\"Sozial-BeratungsZentrum SoBZ\" \/>\n<meta property=\"article:modified_time\" content=\"2025-03-13T10:43:40+00:00\" \/>\n<meta name=\"twitter:card\" content=\"summary_large_image\" \/>\n<script type=\"application\/ld+json\" class=\"yoast-schema-graph\">{\"@context\":\"https:\/\/schema.org\",\"@graph\":[{\"@type\":\"WebPage\",\"@id\":\"https:\/\/www.sobz-entlebuch.ch\/index.php\/calenso-beratungstermin-schuepfheim\/\",\"url\":\"https:\/\/www.sobz-entlebuch.ch\/index.php\/calenso-beratungstermin-schuepfheim\/\",\"name\":\"Calenso (Beratungstermin Sch\u00fcpfheim) - Sozial-BeratungsZentrum SoBZ\",\"isPartOf\":{\"@id\":\"https:\/\/www.sobz-entlebuch.ch\/#website\"},\"datePublished\":\"2025-03-13T10:33:08+00:00\",\"dateModified\":\"2025-03-13T10:43:40+00:00\",\"breadcrumb\":{\"@id\":\"https:\/\/www.sobz-entlebuch.ch\/index.php\/calenso-beratungstermin-schuepfheim\/#breadcrumb\"},\"inLanguage\":\"de\",\"potentialAction\":[{\"@type\":\"ReadAction\",\"target\":[\"https:\/\/www.sobz-entlebuch.ch\/index.php\/calenso-beratungstermin-schuepfheim\/\"]}]},{\"@type\":\"BreadcrumbList\",\"@id\":\"https:\/\/www.sobz-entlebuch.ch\/index.php\/calenso-beratungstermin-schuepfheim\/#breadcrumb\",\"itemListElement\":[{\"@type\":\"ListItem\",\"position\":1,\"name\":\"Startseite\",\"item\":\"https:\/\/www.sobz-entlebuch.ch\/\"},{\"@type\":\"ListItem\",\"position\":2,\"name\":\"Calenso (Beratungstermin Sch\u00fcpfheim)\"}]},{\"@type\":\"WebSite\",\"@id\":\"https:\/\/www.sobz-entlebuch.ch\/#website\",\"url\":\"https:\/\/www.sobz-entlebuch.ch\/\",\"name\":\"Sozial-BeratungsZentrum SoBZ\",\"description\":\"Beratungsstellen f\u00fcr die Region Entlebuch, Wolhusen und Ruswil\",\"publisher\":{\"@id\":\"https:\/\/www.sobz-entlebuch.ch\/#organization\"},\"potentialAction\":[{\"@type\":\"SearchAction\",\"target\":{\"@type\":\"EntryPoint\",\"urlTemplate\":\"https:\/\/www.sobz-entlebuch.ch\/?s={search_term_string}\"},\"query-input\":{\"@type\":\"PropertyValueSpecification\",\"valueRequired\":true,\"valueName\":\"search_term_string\"}}],\"inLanguage\":\"de\"},{\"@type\":\"Organization\",\"@id\":\"https:\/\/www.sobz-entlebuch.ch\/#organization\",\"name\":\"SoBZ Sch\u00fcpfheim\",\"url\":\"https:\/\/www.sobz-entlebuch.ch\/\",\"logo\":{\"@type\":\"ImageObject\",\"inLanguage\":\"de\",\"@id\":\"https:\/\/www.sobz-entlebuch.ch\/#\/schema\/logo\/image\/\",\"url\":\"https:\/\/www.sobz-entlebuch.ch\/wp-content\/uploads\/2019\/12\/SoBZ_Favicon.jpg\",\"contentUrl\":\"https:\/\/www.sobz-entlebuch.ch\/wp-content\/uploads\/2019\/12\/SoBZ_Favicon.jpg\",\"width\":1000,\"height\":1000,\"caption\":\"SoBZ Sch\u00fcpfheim\"},\"image\":{\"@id\":\"https:\/\/www.sobz-entlebuch.ch\/#\/schema\/logo\/image\/\"}}]}<\/script>\n<!-- \/ Yoast SEO plugin. -->","yoast_head_json":{"title":"Calenso (Beratungstermin Sch\u00fcpfheim) - Sozial-BeratungsZentrum SoBZ","robots":{"index":"index","follow":"follow","max-snippet":"max-snippet:-1","max-image-preview":"max-image-preview:large","max-video-preview":"max-video-preview:-1"},"canonical":"https:\/\/www.sobz-entlebuch.ch\/index.php\/calenso-beratungstermin-schuepfheim\/","og_locale":"de_DE","og_type":"article","og_title":"Calenso (Beratungstermin Sch\u00fcpfheim) - Sozial-BeratungsZentrum SoBZ","og_description":"TERMIN BUCHEN Beratungsort SoBZ Sch\u00fcpfheim Buchen Sie hier Ihren Termin f\u00fcr die M\u00fctter- und V\u00e4terberatung. Falls online kein Termin gefunden werden kann, melden Sie sich auf unserem Beratungstelefon oder direkt bei der zust\u00e4ndigen Beraterin.","og_url":"https:\/\/www.sobz-entlebuch.ch\/index.php\/calenso-beratungstermin-schuepfheim\/","og_site_name":"Sozial-BeratungsZentrum SoBZ","article_modified_time":"2025-03-13T10:43:40+00:00","twitter_card":"summary_large_image","schema":{"@context":"https:\/\/schema.org","@graph":[{"@type":"WebPage","@id":"https:\/\/www.sobz-entlebuch.ch\/index.php\/calenso-beratungstermin-schuepfheim\/","url":"https:\/\/www.sobz-entlebuch.ch\/index.php\/calenso-beratungstermin-schuepfheim\/","name":"Calenso (Beratungstermin Sch\u00fcpfheim) - Sozial-BeratungsZentrum SoBZ","isPartOf":{"@id":"https:\/\/www.sobz-entlebuch.ch\/#website"},"datePublished":"2025-03-13T10:33:08+00:00","dateModified":"2025-03-13T10:43:40+00:00","breadcrumb":{"@id":"https:\/\/www.sobz-entlebuch.ch\/index.php\/calenso-beratungstermin-schuepfheim\/#breadcrumb"},"inLanguage":"de","potentialAction":[{"@type":"ReadAction","target":["https:\/\/www.sobz-entlebuch.ch\/index.php\/calenso-beratungstermin-schuepfheim\/"]}]},{"@type":"BreadcrumbList","@id":"https:\/\/www.sobz-entlebuch.ch\/index.php\/calenso-beratungstermin-schuepfheim\/#breadcrumb","itemListElement":[{"@type":"ListItem","position":1,"name":"Startseite","item":"https:\/\/www.sobz-entlebuch.ch\/"},{"@type":"ListItem","position":2,"name":"Calenso (Beratungstermin Sch\u00fcpfheim)"}]},{"@type":"WebSite","@id":"https:\/\/www.sobz-entlebuch.ch\/#website","url":"https:\/\/www.sobz-entlebuch.ch\/","name":"Sozial-BeratungsZentrum SoBZ","description":"Beratungsstellen f\u00fcr die Region Entlebuch, Wolhusen und Ruswil","publisher":{"@id":"https:\/\/www.sobz-entlebuch.ch\/#organization"},"potentialAction":[{"@type":"SearchAction","target":{"@type":"EntryPoint","urlTemplate":"https:\/\/www.sobz-entlebuch.ch\/?s={search_term_string}"},"query-input":{"@type":"PropertyValueSpecification","valueRequired":true,"valueName":"search_term_string"}}],"inLanguage":"de"},{"@type":"Organization","@id":"https:\/\/www.sobz-entlebuch.ch\/#organization","name":"SoBZ Sch\u00fcpfheim","url":"https:\/\/www.sobz-entlebuch.ch\/","logo":{"@type":"ImageObject","inLanguage":"de","@id":"https:\/\/www.sobz-entlebuch.ch\/#\/schema\/logo\/image\/","url":"https:\/\/www.sobz-entlebuch.ch\/wp-content\/uploads\/2019\/12\/SoBZ_Favicon.jpg","contentUrl":"https:\/\/www.sobz-entlebuch.ch\/wp-content\/uploads\/2019\/12\/SoBZ_Favicon.jpg","width":1000,"height":1000,"caption":"SoBZ Sch\u00fcpfheim"},"image":{"@id":"https:\/\/www.sobz-entlebuch.ch\/#\/schema\/logo\/image\/"}}]}},"_links":{"self":[{"href":"https:\/\/www.sobz-entlebuch.ch\/index.php\/wp-json\/wp\/v2\/pages\/3851","targetHints":{"allow":["GET"]}}],"collection":[{"href":"https:\/\/www.sobz-entlebuch.ch\/index.php\/wp-json\/wp\/v2\/pages"}],"about":[{"href":"https:\/\/www.sobz-entlebuch.ch\/index.php\/wp-json\/wp\/v2\/types\/page"}],"author":[{"embeddable":true,"href":"https:\/\/www.sobz-entlebuch.ch\/index.php\/wp-json\/wp\/v2\/users\/1"}],"replies":[{"embeddable":true,"href":"https:\/\/www.sobz-entlebuch.ch\/index.php\/wp-json\/wp\/v2\/comments?post=3851"}],"version-history":[{"count":7,"href":"https:\/\/www.sobz-entlebuch.ch\/index.php\/wp-json\/wp\/v2\/pages\/3851\/revisions"}],"predecessor-version":[{"id":3885,"href":"https:\/\/www.sobz-entlebuch.ch\/index.php\/wp-json\/wp\/v2\/pages\/3851\/revisions\/3885"}],"wp:attachment":[{"href":"https:\/\/www.sobz-entlebuch.ch\/index.php\/wp-json\/wp\/v2\/media?parent=3851"}],"curies":[{"name":"wp","href":"https:\/\/api.w.org\/{rel}","templated":true}]}}