{"id":2311,"date":"2022-01-12T14:27:26","date_gmt":"2022-01-12T13:27:26","guid":{"rendered":"https:\/\/www.sobz-entlebuch.ch\/index.php\/der-mehrzweckverband-copy\/"},"modified":"2025-12-01T17:24:48","modified_gmt":"2025-12-01T16:24:48","slug":"offene-stellen","status":"publish","type":"page","link":"https:\/\/www.sobz-entlebuch.ch\/index.php\/offene-stellen\/","title":{"rendered":"Offene Stellen"},"content":{"rendered":"\t\t<div data-elementor-type=\"wp-page\" data-elementor-id=\"2311\" class=\"elementor elementor-2311\" data-elementor-post-type=\"page\">\n\t\t\t\t\t\t<section class=\"elementor-section elementor-top-section elementor-element elementor-element-8315018 elementor-section-stretched elementor-section-full_width elementor-section-height-default elementor-section-height-default\" data-id=\"8315018\" data-element_type=\"section\" data-settings=\"{&quot;stretch_section&quot;:&quot;section-stretched&quot;,&quot;background_background&quot;:&quot;slideshow&quot;,&quot;background_slideshow_gallery&quot;:[],&quot;background_slideshow_loop&quot;:&quot;yes&quot;,&quot;background_slideshow_slide_duration&quot;:5000,&quot;background_slideshow_slide_transition&quot;:&quot;fade&quot;,&quot;background_slideshow_transition_duration&quot;:500}\">\n\t\t\t\t\t\t<div class=\"elementor-container elementor-column-gap-default\">\n\t\t\t\t\t<div class=\"elementor-column elementor-col-100 elementor-top-column elementor-element elementor-element-8a42524\" data-id=\"8a42524\" data-element_type=\"column\">\n\t\t\t<div class=\"elementor-widget-wrap elementor-element-populated\">\n\t\t\t\t\t\t<div class=\"elementor-element elementor-element-d7b8ed3 elementor--h-position-center elementor--v-position-middle elementor-arrows-position-inside elementor-pagination-position-inside elementor-widget elementor-widget-slides\" data-id=\"d7b8ed3\" data-element_type=\"widget\" data-settings=\"{&quot;navigation&quot;:&quot;both&quot;,&quot;autoplay&quot;:&quot;yes&quot;,&quot;pause_on_hover&quot;:&quot;yes&quot;,&quot;pause_on_interaction&quot;:&quot;yes&quot;,&quot;autoplay_speed&quot;:5000,&quot;infinite&quot;:&quot;yes&quot;,&quot;transition&quot;:&quot;slide&quot;,&quot;transition_speed&quot;:500}\" data-widget_type=\"slides.default\">\n\t\t\t\t<div class=\"elementor-widget-container\">\n\t\t\t\t\t\t\t\t\t<div class=\"elementor-swiper\">\n\t\t\t\t\t<div class=\"elementor-slides-wrapper elementor-main-swiper swiper\" role=\"region\" aria-roledescription=\"carousel\" aria-label=\"Slider\" dir=\"ltr\" data-animation=\"fadeInUp\">\n\t\t\t\t<div class=\"swiper-wrapper elementor-slides\">\n\t\t\t\t\t\t\t\t\t\t<div class=\"elementor-repeater-item-7970ca2 swiper-slide\" role=\"group\" aria-roledescription=\"slide\"><div class=\"swiper-slide-bg\" role=\"img\"><\/div><div class=\"swiper-slide-inner\" ><div class=\"swiper-slide-contents\"><div class=\"elementor-slide-description\">\n<\/div><\/div><\/div><\/div>\t\t\t\t<\/div>\n\t\t\t\t\t\t\t<\/div>\n\t\t\t\t<\/div>\n\t\t\t\t\t\t\t\t<\/div>\n\t\t\t\t<\/div>\n\t\t\t\t\t<\/div>\n\t\t<\/div>\n\t\t\t\t\t<\/div>\n\t\t<\/section>\n\t\t\t\t<section class=\"elementor-section elementor-top-section elementor-element elementor-element-0aaba33 elementor-section-stretched elementor-section-boxed elementor-section-height-default elementor-section-height-default\" data-id=\"0aaba33\" data-element_type=\"section\" data-settings=\"{&quot;stretch_section&quot;:&quot;section-stretched&quot;}\">\n\t\t\t\t\t\t<div class=\"elementor-container elementor-column-gap-default\">\n\t\t\t\t\t<div class=\"elementor-column elementor-col-100 elementor-top-column elementor-element elementor-element-abd4589\" data-id=\"abd4589\" data-element_type=\"column\">\n\t\t\t<div class=\"elementor-widget-wrap elementor-element-populated\">\n\t\t\t\t\t\t<div class=\"elementor-element elementor-element-0777a9e elementor-widget elementor-widget-heading\" data-id=\"0777a9e\" data-element_type=\"widget\" data-widget_type=\"heading.default\">\n\t\t\t\t<div class=\"elementor-widget-container\">\n\t\t\t\t\t<h2 class=\"elementor-heading-title elementor-size-default\">OFFENE STELLEN<\/h2>\t\t\t\t<\/div>\n\t\t\t\t<\/div>\n\t\t\t\t\t<\/div>\n\t\t<\/div>\n\t\t\t\t\t<\/div>\n\t\t<\/section>\n\t\t\t\t<section class=\"elementor-section elementor-top-section elementor-element elementor-element-7030fac elementor-section-boxed elementor-section-height-default elementor-section-height-default\" data-id=\"7030fac\" data-element_type=\"section\">\n\t\t\t\t\t\t<div class=\"elementor-container elementor-column-gap-default\">\n\t\t\t\t\t<div class=\"elementor-column elementor-col-100 elementor-top-column elementor-element elementor-element-122d4c8\" data-id=\"122d4c8\" data-element_type=\"column\">\n\t\t\t<div class=\"elementor-widget-wrap elementor-element-populated\">\n\t\t\t\t\t\t<div class=\"elementor-element elementor-element-a7c7968 elementor-view-default elementor-position-top elementor-mobile-position-top elementor-widget elementor-widget-icon-box\" data-id=\"a7c7968\" data-element_type=\"widget\" data-widget_type=\"icon-box.default\">\n\t\t\t\t<div class=\"elementor-widget-container\">\n\t\t\t\t\t\t\t<div class=\"elementor-icon-box-wrapper\">\n\n\t\t\t\t\t\t<div class=\"elementor-icon-box-icon\">\n\t\t\t\t<a href=\"https:\/\/www.sobz-entlebuch.ch\/wp-content\/uploads\/2025\/12\/Stellenausschreibung_Praktikum_Berufsbeistandsperson_Mandatsfuehrung_08.2026.pdf\" class=\"elementor-icon\" tabindex=\"-1\" aria-label=\"Praktikumsstelle Berufsbeistandsperson Mandatsf\u00fchrung\">\n\t\t\t\t<i aria-hidden=\"true\" class=\"far fa-file-pdf\"><\/i>\t\t\t\t<\/a>\n\t\t\t<\/div>\n\t\t\t\n\t\t\t\t\t\t<div class=\"elementor-icon-box-content\">\n\n\t\t\t\t\t\t\t\t\t<h3 class=\"elementor-icon-box-title\">\n\t\t\t\t\t\t<a href=\"https:\/\/www.sobz-entlebuch.ch\/wp-content\/uploads\/2025\/12\/Stellenausschreibung_Praktikum_Berufsbeistandsperson_Mandatsfuehrung_08.2026.pdf\" >\n\t\t\t\t\t\t\tPraktikumsstelle Berufsbeistandsperson Mandatsf\u00fchrung\t\t\t\t\t\t<\/a>\n\t\t\t\t\t<\/h3>\n\t\t\t\t\n\t\t\t\t\n\t\t\t<\/div>\n\t\t\t\n\t\t<\/div>\n\t\t\t\t\t\t<\/div>\n\t\t\t\t<\/div>\n\t\t\t\t<div class=\"elementor-element elementor-element-48b7867 elementor-widget elementor-widget-heading\" data-id=\"48b7867\" data-element_type=\"widget\" data-widget_type=\"heading.default\">\n\t\t\t\t<div class=\"elementor-widget-container\">\n\t\t\t\t\t<h2 class=\"elementor-heading-title elementor-size-medium\">Sie arbeiten gerne in einem interdisziplin\u00e4ren Team? In einem eigenen B\u00fcro? An einem modernen Arbeitsplatz? In einem zertifizierten Betrieb? 30 Minuten mit dem \u00d6V von Luzern entfernt? Fallbelastung gem\u00e4ss Kokes Empfehlungen? Sie bilden sich gerne weiter? Dann sind Sie bei uns richtig. Bewerben Sie sich in unserem Talentpool \u00fcber folgenden Link: <\/h2>\t\t\t\t<\/div>\n\t\t\t\t<\/div>\n\t\t\t\t<div class=\"elementor-element elementor-element-b9e5252 elementor-view-default elementor-position-top elementor-mobile-position-top elementor-widget elementor-widget-icon-box\" data-id=\"b9e5252\" data-element_type=\"widget\" data-widget_type=\"icon-box.default\">\n\t\t\t\t<div class=\"elementor-widget-container\">\n\t\t\t\t\t\t\t<div class=\"elementor-icon-box-wrapper\">\n\n\t\t\t\t\t\t<div class=\"elementor-icon-box-icon\">\n\t\t\t\t<a href=\"https:\/\/www.publicjobs.ch\/bewerben\/~applyID8719\" class=\"elementor-icon\" tabindex=\"-1\" aria-label=\"https:\/\/www.publicjobs.ch\/bewerben\/~applyID8719\">\n\t\t\t\t<i aria-hidden=\"true\" class=\"fas fa-file-upload\"><\/i>\t\t\t\t<\/a>\n\t\t\t<\/div>\n\t\t\t\n\t\t\t\t\t\t<div class=\"elementor-icon-box-content\">\n\n\t\t\t\t\t\t\t\t\t<h3 class=\"elementor-icon-box-title\">\n\t\t\t\t\t\t<a href=\"https:\/\/www.publicjobs.ch\/bewerben\/~applyID8719\" >\n\t\t\t\t\t\t\thttps:\/\/www.publicjobs.ch\/bewerben\/~applyID8719\t\t\t\t\t\t<\/a>\n\t\t\t\t\t<\/h3>\n\t\t\t\t\n\t\t\t\t\n\t\t\t<\/div>\n\t\t\t\n\t\t<\/div>\n\t\t\t\t\t\t<\/div>\n\t\t\t\t<\/div>\n\t\t\t\t\t<\/div>\n\t\t<\/div>\n\t\t\t\t\t<\/div>\n\t\t<\/section>\n\t\t\t\t<section class=\"elementor-section elementor-top-section elementor-element elementor-element-c81338d elementor-section-boxed elementor-section-height-default elementor-section-height-default\" data-id=\"c81338d\" data-element_type=\"section\">\n\t\t\t\t\t\t<div class=\"elementor-container elementor-column-gap-default\">\n\t\t\t\t\t<div class=\"elementor-column elementor-col-100 elementor-top-column elementor-element elementor-element-1ac4f0c\" data-id=\"1ac4f0c\" data-element_type=\"column\">\n\t\t\t<div class=\"elementor-widget-wrap elementor-element-populated\">\n\t\t\t\t\t\t<div class=\"elementor-element elementor-element-23af62a elementor-widget elementor-widget-heading\" data-id=\"23af62a\" data-element_type=\"widget\" data-widget_type=\"heading.default\">\n\t\t\t\t<div class=\"elementor-widget-container\">\n\t\t\t\t\t<h1 class=\"elementor-heading-title elementor-size-default\">Benefits<\/h1>\t\t\t\t<\/div>\n\t\t\t\t<\/div>\n\t\t\t\t<div class=\"elementor-element elementor-element-2449e91 elementor-widget elementor-widget-heading\" data-id=\"2449e91\" data-element_type=\"widget\" data-widget_type=\"heading.default\">\n\t\t\t\t<div class=\"elementor-widget-container\">\n\t\t\t\t\t<h2 class=\"elementor-heading-title elementor-size-default\">Als Teil unseres Teams profitieren Sie von folgenden Vorteilen:<\/h2>\t\t\t\t<\/div>\n\t\t\t\t<\/div>\n\t\t\t\t<div class=\"elementor-element elementor-element-51178c0 elementor-widget elementor-widget-toggle\" data-id=\"51178c0\" data-element_type=\"widget\" data-widget_type=\"toggle.default\">\n\t\t\t\t<div class=\"elementor-widget-container\">\n\t\t\t\t\t\t\t<div class=\"elementor-toggle\">\n\t\t\t\t\t\t\t<div class=\"elementor-toggle-item\">\n\t\t\t\t\t<div id=\"elementor-tab-title-8501\" class=\"elementor-tab-title\" data-tab=\"1\" role=\"button\" aria-controls=\"elementor-tab-content-8501\" aria-expanded=\"false\">\n\t\t\t\t\t\t\t\t\t\t\t\t<span class=\"elementor-toggle-icon elementor-toggle-icon-left\" aria-hidden=\"true\">\n\t\t\t\t\t\t\t\t\t\t\t\t\t\t\t<span class=\"elementor-toggle-icon-closed\"><i class=\"fas fa-caret-right\"><\/i><\/span>\n\t\t\t\t\t\t\t\t<span class=\"elementor-toggle-icon-opened\"><i class=\"elementor-toggle-icon-opened fas fa-caret-up\"><\/i><\/span>\n\t\t\t\t\t\t\t\t\t\t\t\t\t<\/span>\n\t\t\t\t\t\t\t\t\t\t\t\t<a class=\"elementor-toggle-title\" tabindex=\"0\">Gehalt und Zusatzleistungen<\/a>\n\t\t\t\t\t<\/div>\n\n\t\t\t\t\t<div id=\"elementor-tab-content-8501\" class=\"elementor-tab-content elementor-clearfix\" data-tab=\"1\" role=\"region\" aria-labelledby=\"elementor-tab-title-8501\"><ul><li>Markt- und leistungsgerechter Lohn mit 13. Monatslohn gem\u00e4ss kantonalen Vorgaben<\/li><li>Finanziell gesunde Pensionskasse mit vorteilhaften Leistungen f\u00fcr Teilzeitangestellte, vorteilhafte Sparpl\u00e4ne und 60 % Arbeitgeberbeitrag<\/li><li>Bei Arbeitsunf\u00e4higkeit infolge Krankheit oder Unfall Anspruch auf 100 % Lohnfortzahlung von bis zu 730 Tagen<\/li><li>Pr\u00e4mie Krankentaggeldversicherung wird zu 100 % durch Arbeitgeber \u00fcbernommen<\/li><li>Sozialzulage f\u00fcr Eltern von Kindern bis Ende der Ausbildung<\/li><\/ul><\/div>\n\t\t\t\t<\/div>\n\t\t\t\t\t\t\t<div class=\"elementor-toggle-item\">\n\t\t\t\t\t<div id=\"elementor-tab-title-8502\" class=\"elementor-tab-title\" data-tab=\"2\" role=\"button\" aria-controls=\"elementor-tab-content-8502\" aria-expanded=\"false\">\n\t\t\t\t\t\t\t\t\t\t\t\t<span class=\"elementor-toggle-icon elementor-toggle-icon-left\" aria-hidden=\"true\">\n\t\t\t\t\t\t\t\t\t\t\t\t\t\t\t<span class=\"elementor-toggle-icon-closed\"><i class=\"fas fa-caret-right\"><\/i><\/span>\n\t\t\t\t\t\t\t\t<span class=\"elementor-toggle-icon-opened\"><i class=\"elementor-toggle-icon-opened fas fa-caret-up\"><\/i><\/span>\n\t\t\t\t\t\t\t\t\t\t\t\t\t<\/span>\n\t\t\t\t\t\t\t\t\t\t\t\t<a class=\"elementor-toggle-title\" tabindex=\"0\">Arbeitsumfeld<\/a>\n\t\t\t\t\t<\/div>\n\n\t\t\t\t\t<div id=\"elementor-tab-content-8502\" class=\"elementor-tab-content elementor-clearfix\" data-tab=\"2\" role=\"region\" aria-labelledby=\"elementor-tab-title-8502\"><ul><li>Kultur der offenen T\u00fcren<\/li><li>Modern eingerichtete Arbeitspl\u00e4tze mit Stehpulten<\/li><li>Vielf\u00e4ltige Mitarbeiteranl\u00e4sse<\/li><\/ul><\/div>\n\t\t\t\t<\/div>\n\t\t\t\t\t\t\t<div class=\"elementor-toggle-item\">\n\t\t\t\t\t<div id=\"elementor-tab-title-8503\" class=\"elementor-tab-title\" data-tab=\"3\" role=\"button\" aria-controls=\"elementor-tab-content-8503\" aria-expanded=\"false\">\n\t\t\t\t\t\t\t\t\t\t\t\t<span class=\"elementor-toggle-icon elementor-toggle-icon-left\" aria-hidden=\"true\">\n\t\t\t\t\t\t\t\t\t\t\t\t\t\t\t<span class=\"elementor-toggle-icon-closed\"><i class=\"fas fa-caret-right\"><\/i><\/span>\n\t\t\t\t\t\t\t\t<span class=\"elementor-toggle-icon-opened\"><i class=\"elementor-toggle-icon-opened fas fa-caret-up\"><\/i><\/span>\n\t\t\t\t\t\t\t\t\t\t\t\t\t<\/span>\n\t\t\t\t\t\t\t\t\t\t\t\t<a class=\"elementor-toggle-title\" tabindex=\"0\">Gesundheit<\/a>\n\t\t\t\t\t<\/div>\n\n\t\t\t\t\t<div id=\"elementor-tab-content-8503\" class=\"elementor-tab-content elementor-clearfix\" data-tab=\"3\" role=\"region\" aria-labelledby=\"elementor-tab-title-8503\"><ul><li>F\u00f6rderung der Arbeitssicherheit<\/li><\/ul><\/div>\n\t\t\t\t<\/div>\n\t\t\t\t\t\t\t<div class=\"elementor-toggle-item\">\n\t\t\t\t\t<div id=\"elementor-tab-title-8504\" class=\"elementor-tab-title\" data-tab=\"4\" role=\"button\" aria-controls=\"elementor-tab-content-8504\" aria-expanded=\"false\">\n\t\t\t\t\t\t\t\t\t\t\t\t<span class=\"elementor-toggle-icon elementor-toggle-icon-left\" aria-hidden=\"true\">\n\t\t\t\t\t\t\t\t\t\t\t\t\t\t\t<span class=\"elementor-toggle-icon-closed\"><i class=\"fas fa-caret-right\"><\/i><\/span>\n\t\t\t\t\t\t\t\t<span class=\"elementor-toggle-icon-opened\"><i class=\"elementor-toggle-icon-opened fas fa-caret-up\"><\/i><\/span>\n\t\t\t\t\t\t\t\t\t\t\t\t\t<\/span>\n\t\t\t\t\t\t\t\t\t\t\t\t<a class=\"elementor-toggle-title\" tabindex=\"0\">Entwicklung und Weiterbildung<\/a>\n\t\t\t\t\t<\/div>\n\n\t\t\t\t\t<div id=\"elementor-tab-content-8504\" class=\"elementor-tab-content elementor-clearfix\" data-tab=\"4\" role=\"region\" aria-labelledby=\"elementor-tab-title-8504\"><ul><li>Interne Weiterbildungstage zu aktuellen Themen<\/li><li>F\u00f6rderung und Unterst\u00fctzung externer Weiterbildung mit attraktiver Beteiligung auch bei Teilzeitangestellten<\/li><li>Fachliche Personalbegleitung<\/li><li>Anerkannter Lehr- und Ausbildungsbetrieb<\/li><\/ul><\/div>\n\t\t\t\t<\/div>\n\t\t\t\t\t\t\t<div class=\"elementor-toggle-item\">\n\t\t\t\t\t<div id=\"elementor-tab-title-8505\" class=\"elementor-tab-title\" data-tab=\"5\" role=\"button\" aria-controls=\"elementor-tab-content-8505\" aria-expanded=\"false\">\n\t\t\t\t\t\t\t\t\t\t\t\t<span class=\"elementor-toggle-icon elementor-toggle-icon-left\" aria-hidden=\"true\">\n\t\t\t\t\t\t\t\t\t\t\t\t\t\t\t<span class=\"elementor-toggle-icon-closed\"><i class=\"fas fa-caret-right\"><\/i><\/span>\n\t\t\t\t\t\t\t\t<span class=\"elementor-toggle-icon-opened\"><i class=\"elementor-toggle-icon-opened fas fa-caret-up\"><\/i><\/span>\n\t\t\t\t\t\t\t\t\t\t\t\t\t<\/span>\n\t\t\t\t\t\t\t\t\t\t\t\t<a class=\"elementor-toggle-title\" tabindex=\"0\">Arbeitszeit und Ferien<\/a>\n\t\t\t\t\t<\/div>\n\n\t\t\t\t\t<div id=\"elementor-tab-content-8505\" class=\"elementor-tab-content elementor-clearfix\" data-tab=\"5\" role=\"region\" aria-labelledby=\"elementor-tab-title-8505\"><ul><li>Flexibles Arbeitszeitmodell<\/li><li>M\u00f6glichkeit von Teilzeitarbeit und Home Office<\/li><li>Mindestens 5 Wochen Ferien<\/li><li>M\u00f6glichkeit f\u00fcr Kauf von einer bis zwei zus\u00e4tzlichen Ferienwoche(n) pro Jahr<\/li><li>16 bezahlte Feiertage<\/li><li>M\u00f6glichkeit von unbezahltem Urlaub und Sabbatical<\/li><\/ul><\/div>\n\t\t\t\t<\/div>\n\t\t\t\t\t\t\t<div class=\"elementor-toggle-item\">\n\t\t\t\t\t<div id=\"elementor-tab-title-8506\" class=\"elementor-tab-title\" data-tab=\"6\" role=\"button\" aria-controls=\"elementor-tab-content-8506\" aria-expanded=\"false\">\n\t\t\t\t\t\t\t\t\t\t\t\t<span class=\"elementor-toggle-icon elementor-toggle-icon-left\" aria-hidden=\"true\">\n\t\t\t\t\t\t\t\t\t\t\t\t\t\t\t<span class=\"elementor-toggle-icon-closed\"><i class=\"fas fa-caret-right\"><\/i><\/span>\n\t\t\t\t\t\t\t\t<span class=\"elementor-toggle-icon-opened\"><i class=\"elementor-toggle-icon-opened fas fa-caret-up\"><\/i><\/span>\n\t\t\t\t\t\t\t\t\t\t\t\t\t<\/span>\n\t\t\t\t\t\t\t\t\t\t\t\t<a class=\"elementor-toggle-title\" tabindex=\"0\">Zusatzleistungen<\/a>\n\t\t\t\t\t<\/div>\n\n\t\t\t\t\t<div id=\"elementor-tab-content-8506\" class=\"elementor-tab-content elementor-clearfix\" data-tab=\"6\" role=\"region\" aria-labelledby=\"elementor-tab-title-8506\"><ul><li>J\u00e4hrliche Mobilit\u00e4tspauschale von CHF 170.00 (Ansatz Verl\u00e4ngerung Halbtaxabo)<\/li><li>Attraktive Verg\u00fcnstigungen bei diversen Marken durch AXA-Swibeco<\/li><\/ul><\/div>\n\t\t\t\t<\/div>\n\t\t\t\t\t\t\t\t<\/div>\n\t\t\t\t\t\t<\/div>\n\t\t\t\t<\/div>\n\t\t\t\t\t<\/div>\n\t\t<\/div>\n\t\t\t\t\t<\/div>\n\t\t<\/section>\n\t\t\t\t<\/div>\n\t\t","protected":false},"excerpt":{"rendered":"<p>OFFENE STELLEN Praktikumsstelle Berufsbeistandsperson Mandatsf\u00fchrung Sie arbeiten gerne in einem interdisziplin\u00e4ren Team? In einem eigenen B\u00fcro? An einem modernen Arbeitsplatz? In einem zertifizierten Betrieb? 30 Minuten mit dem \u00d6V von Luzern entfernt? Fallbelastung gem\u00e4ss Kokes Empfehlungen? Sie bilden sich gerne weiter? Dann sind Sie bei uns richtig. Bewerben Sie sich in unserem Talentpool \u00fcber folgenden &hellip; <a href=\"https:\/\/www.sobz-entlebuch.ch\/index.php\/offene-stellen\/\" class=\"more-link\"><span class=\"screen-reader-text\">\u201eOffene Stellen\u201c<\/span> weiterlesen<\/a><\/p>\n","protected":false},"author":1,"featured_media":0,"parent":0,"menu_order":0,"comment_status":"closed","ping_status":"closed","template":"","meta":{"_exactmetrics_skip_tracking":false,"_exactmetrics_sitenote_active":false,"_exactmetrics_sitenote_note":"","_exactmetrics_sitenote_category":0,"footnotes":""},"class_list":["post-2311","page","type-page","status-publish","hentry"],"yoast_head":"<!-- This site is optimized with the Yoast SEO plugin v25.3.1 - https:\/\/yoast.com\/wordpress\/plugins\/seo\/ -->\n<title>Offene Stellen - Sozial-BeratungsZentrum SoBZ<\/title>\n<meta name=\"description\" content=\"Das Sozial-BeratungsZentrum Region Entlebuch setzt folgende Aufgaben um: M\u00fctter- und V\u00e4terberatung, Sozialberatung, Jugend- und Familienberatung und noch vieles mehr.\" \/>\n<meta name=\"robots\" content=\"index, follow, max-snippet:-1, max-image-preview:large, max-video-preview:-1\" \/>\n<link rel=\"canonical\" href=\"https:\/\/www.sobz-entlebuch.ch\/index.php\/offene-stellen\/\" \/>\n<meta property=\"og:locale\" content=\"de_DE\" \/>\n<meta property=\"og:type\" content=\"article\" \/>\n<meta property=\"og:title\" content=\"Offene Stellen - Sozial-BeratungsZentrum SoBZ\" \/>\n<meta property=\"og:description\" content=\"Das Sozial-BeratungsZentrum Region Entlebuch setzt folgende Aufgaben um: M\u00fctter- und V\u00e4terberatung, Sozialberatung, Jugend- und Familienberatung und noch vieles mehr.\" \/>\n<meta property=\"og:url\" content=\"https:\/\/www.sobz-entlebuch.ch\/index.php\/offene-stellen\/\" \/>\n<meta property=\"og:site_name\" content=\"Sozial-BeratungsZentrum SoBZ\" \/>\n<meta property=\"article:modified_time\" content=\"2025-12-01T16:24:48+00:00\" \/>\n<meta name=\"twitter:card\" content=\"summary_large_image\" \/>\n<meta name=\"twitter:label1\" content=\"Gesch\u00e4tzte Lesezeit\" \/>\n\t<meta name=\"twitter:data1\" content=\"1\u00a0Minute\" \/>\n<script type=\"application\/ld+json\" class=\"yoast-schema-graph\">{\"@context\":\"https:\/\/schema.org\",\"@graph\":[{\"@type\":\"WebPage\",\"@id\":\"https:\/\/www.sobz-entlebuch.ch\/index.php\/offene-stellen\/\",\"url\":\"https:\/\/www.sobz-entlebuch.ch\/index.php\/offene-stellen\/\",\"name\":\"Offene Stellen - Sozial-BeratungsZentrum SoBZ\",\"isPartOf\":{\"@id\":\"https:\/\/www.sobz-entlebuch.ch\/#website\"},\"datePublished\":\"2022-01-12T13:27:26+00:00\",\"dateModified\":\"2025-12-01T16:24:48+00:00\",\"description\":\"Das Sozial-BeratungsZentrum Region Entlebuch setzt folgende Aufgaben um: M\u00fctter- und V\u00e4terberatung, Sozialberatung, Jugend- und Familienberatung und noch vieles mehr.\",\"breadcrumb\":{\"@id\":\"https:\/\/www.sobz-entlebuch.ch\/index.php\/offene-stellen\/#breadcrumb\"},\"inLanguage\":\"de\",\"potentialAction\":[{\"@type\":\"ReadAction\",\"target\":[\"https:\/\/www.sobz-entlebuch.ch\/index.php\/offene-stellen\/\"]}]},{\"@type\":\"BreadcrumbList\",\"@id\":\"https:\/\/www.sobz-entlebuch.ch\/index.php\/offene-stellen\/#breadcrumb\",\"itemListElement\":[{\"@type\":\"ListItem\",\"position\":1,\"name\":\"Startseite\",\"item\":\"https:\/\/www.sobz-entlebuch.ch\/\"},{\"@type\":\"ListItem\",\"position\":2,\"name\":\"Offene Stellen\"}]},{\"@type\":\"WebSite\",\"@id\":\"https:\/\/www.sobz-entlebuch.ch\/#website\",\"url\":\"https:\/\/www.sobz-entlebuch.ch\/\",\"name\":\"Sozial-BeratungsZentrum SoBZ\",\"description\":\"Beratungsstellen f\u00fcr die Region Entlebuch, Wolhusen und Ruswil\",\"publisher\":{\"@id\":\"https:\/\/www.sobz-entlebuch.ch\/#organization\"},\"potentialAction\":[{\"@type\":\"SearchAction\",\"target\":{\"@type\":\"EntryPoint\",\"urlTemplate\":\"https:\/\/www.sobz-entlebuch.ch\/?s={search_term_string}\"},\"query-input\":{\"@type\":\"PropertyValueSpecification\",\"valueRequired\":true,\"valueName\":\"search_term_string\"}}],\"inLanguage\":\"de\"},{\"@type\":\"Organization\",\"@id\":\"https:\/\/www.sobz-entlebuch.ch\/#organization\",\"name\":\"SoBZ Sch\u00fcpfheim\",\"url\":\"https:\/\/www.sobz-entlebuch.ch\/\",\"logo\":{\"@type\":\"ImageObject\",\"inLanguage\":\"de\",\"@id\":\"https:\/\/www.sobz-entlebuch.ch\/#\/schema\/logo\/image\/\",\"url\":\"https:\/\/www.sobz-entlebuch.ch\/wp-content\/uploads\/2019\/12\/SoBZ_Favicon.jpg\",\"contentUrl\":\"https:\/\/www.sobz-entlebuch.ch\/wp-content\/uploads\/2019\/12\/SoBZ_Favicon.jpg\",\"width\":1000,\"height\":1000,\"caption\":\"SoBZ Sch\u00fcpfheim\"},\"image\":{\"@id\":\"https:\/\/www.sobz-entlebuch.ch\/#\/schema\/logo\/image\/\"}}]}<\/script>\n<!-- \/ Yoast SEO plugin. -->","yoast_head_json":{"title":"Offene Stellen - Sozial-BeratungsZentrum SoBZ","description":"Das Sozial-BeratungsZentrum Region Entlebuch setzt folgende Aufgaben um: M\u00fctter- und V\u00e4terberatung, Sozialberatung, Jugend- und Familienberatung und noch vieles mehr.","robots":{"index":"index","follow":"follow","max-snippet":"max-snippet:-1","max-image-preview":"max-image-preview:large","max-video-preview":"max-video-preview:-1"},"canonical":"https:\/\/www.sobz-entlebuch.ch\/index.php\/offene-stellen\/","og_locale":"de_DE","og_type":"article","og_title":"Offene Stellen - Sozial-BeratungsZentrum SoBZ","og_description":"Das Sozial-BeratungsZentrum Region Entlebuch setzt folgende Aufgaben um: M\u00fctter- und V\u00e4terberatung, Sozialberatung, Jugend- und Familienberatung und noch vieles mehr.","og_url":"https:\/\/www.sobz-entlebuch.ch\/index.php\/offene-stellen\/","og_site_name":"Sozial-BeratungsZentrum SoBZ","article_modified_time":"2025-12-01T16:24:48+00:00","twitter_card":"summary_large_image","twitter_misc":{"Gesch\u00e4tzte Lesezeit":"1\u00a0Minute"},"schema":{"@context":"https:\/\/schema.org","@graph":[{"@type":"WebPage","@id":"https:\/\/www.sobz-entlebuch.ch\/index.php\/offene-stellen\/","url":"https:\/\/www.sobz-entlebuch.ch\/index.php\/offene-stellen\/","name":"Offene Stellen - Sozial-BeratungsZentrum SoBZ","isPartOf":{"@id":"https:\/\/www.sobz-entlebuch.ch\/#website"},"datePublished":"2022-01-12T13:27:26+00:00","dateModified":"2025-12-01T16:24:48+00:00","description":"Das Sozial-BeratungsZentrum Region Entlebuch setzt folgende Aufgaben um: M\u00fctter- und V\u00e4terberatung, Sozialberatung, Jugend- und Familienberatung und noch vieles mehr.","breadcrumb":{"@id":"https:\/\/www.sobz-entlebuch.ch\/index.php\/offene-stellen\/#breadcrumb"},"inLanguage":"de","potentialAction":[{"@type":"ReadAction","target":["https:\/\/www.sobz-entlebuch.ch\/index.php\/offene-stellen\/"]}]},{"@type":"BreadcrumbList","@id":"https:\/\/www.sobz-entlebuch.ch\/index.php\/offene-stellen\/#breadcrumb","itemListElement":[{"@type":"ListItem","position":1,"name":"Startseite","item":"https:\/\/www.sobz-entlebuch.ch\/"},{"@type":"ListItem","position":2,"name":"Offene Stellen"}]},{"@type":"WebSite","@id":"https:\/\/www.sobz-entlebuch.ch\/#website","url":"https:\/\/www.sobz-entlebuch.ch\/","name":"Sozial-BeratungsZentrum SoBZ","description":"Beratungsstellen f\u00fcr die Region Entlebuch, Wolhusen und Ruswil","publisher":{"@id":"https:\/\/www.sobz-entlebuch.ch\/#organization"},"potentialAction":[{"@type":"SearchAction","target":{"@type":"EntryPoint","urlTemplate":"https:\/\/www.sobz-entlebuch.ch\/?s={search_term_string}"},"query-input":{"@type":"PropertyValueSpecification","valueRequired":true,"valueName":"search_term_string"}}],"inLanguage":"de"},{"@type":"Organization","@id":"https:\/\/www.sobz-entlebuch.ch\/#organization","name":"SoBZ Sch\u00fcpfheim","url":"https:\/\/www.sobz-entlebuch.ch\/","logo":{"@type":"ImageObject","inLanguage":"de","@id":"https:\/\/www.sobz-entlebuch.ch\/#\/schema\/logo\/image\/","url":"https:\/\/www.sobz-entlebuch.ch\/wp-content\/uploads\/2019\/12\/SoBZ_Favicon.jpg","contentUrl":"https:\/\/www.sobz-entlebuch.ch\/wp-content\/uploads\/2019\/12\/SoBZ_Favicon.jpg","width":1000,"height":1000,"caption":"SoBZ Sch\u00fcpfheim"},"image":{"@id":"https:\/\/www.sobz-entlebuch.ch\/#\/schema\/logo\/image\/"}}]}},"_links":{"self":[{"href":"https:\/\/www.sobz-entlebuch.ch\/index.php\/wp-json\/wp\/v2\/pages\/2311","targetHints":{"allow":["GET"]}}],"collection":[{"href":"https:\/\/www.sobz-entlebuch.ch\/index.php\/wp-json\/wp\/v2\/pages"}],"about":[{"href":"https:\/\/www.sobz-entlebuch.ch\/index.php\/wp-json\/wp\/v2\/types\/page"}],"author":[{"embeddable":true,"href":"https:\/\/www.sobz-entlebuch.ch\/index.php\/wp-json\/wp\/v2\/users\/1"}],"replies":[{"embeddable":true,"href":"https:\/\/www.sobz-entlebuch.ch\/index.php\/wp-json\/wp\/v2\/comments?post=2311"}],"version-history":[{"count":236,"href":"https:\/\/www.sobz-entlebuch.ch\/index.php\/wp-json\/wp\/v2\/pages\/2311\/revisions"}],"predecessor-version":[{"id":4406,"href":"https:\/\/www.sobz-entlebuch.ch\/index.php\/wp-json\/wp\/v2\/pages\/2311\/revisions\/4406"}],"wp:attachment":[{"href":"https:\/\/www.sobz-entlebuch.ch\/index.php\/wp-json\/wp\/v2\/media?parent=2311"}],"curies":[{"name":"wp","href":"https:\/\/api.w.org\/{rel}","templated":true}]}}